{"id":135,"date":"2020-02-13T14:34:19","date_gmt":"2020-02-13T13:34:19","guid":{"rendered":"http:\/\/ghiglino-avocat.fr\/?page_id=135"},"modified":"2020-03-25T09:57:40","modified_gmt":"2020-03-25T08:57:40","slug":"mandataire-immobilier","status":"publish","type":"page","link":"https:\/\/ghiglino-avocat.fr\/index.php\/mandataire-immobilier\/","title":{"rendered":"Mandataire immobilier"},"content":{"rendered":"\t\t<div data-elementor-type=\"wp-page\" data-elementor-id=\"135\" class=\"elementor elementor-135\" data-elementor-settings=\"[]\">\n\t\t\t\t\t\t<div class=\"elementor-inner\">\n\t\t\t\t\t\t\t<div class=\"elementor-section-wrap\">\n\t\t\t\t\t\t\t<section class=\"elementor-section elementor-top-section elementor-element elementor-element-f3e64e3 elementor-section-boxed elementor-section-height-default elementor-section-height-default\" data-id=\"f3e64e3\" data-element_type=\"section\">\n\t\t\t\t\t\t<div class=\"elementor-container elementor-column-gap-default\">\n\t\t\t\t\t\t\t<div class=\"elementor-row\">\n\t\t\t\t\t<div class=\"elementor-column elementor-col-50 elementor-top-column elementor-element elementor-element-7801d40\" data-id=\"7801d40\" data-element_type=\"column\">\n\t\t\t<div class=\"elementor-column-wrap elementor-element-populated\">\n\t\t\t\t\t\t\t<div class=\"elementor-widget-wrap\">\n\t\t\t\t\t\t<div class=\"elementor-element elementor-element-df0c60b elementor-widget elementor-widget-heading\" data-id=\"df0c60b\" data-element_type=\"widget\" data-widget_type=\"heading.default\">\n\t\t\t\t<div class=\"elementor-widget-container\">\n\t\t\t<h2 class=\"elementor-heading-title elementor-size-default\">Principe<\/h2>\t\t<\/div>\n\t\t\t\t<\/div>\n\t\t\t\t<div class=\"elementor-element elementor-element-5f42c76 elementor-widget elementor-widget-text-editor\" data-id=\"5f42c76\" data-element_type=\"widget\" data-widget_type=\"text-editor.default\">\n\t\t\t\t<div class=\"elementor-widget-container\">\n\t\t\t\t\t<div class=\"elementor-text-editor elementor-clearfix\"><p><span style=\"font-weight: 600; color: black;\">La Loi Hoguet autorise les avocats \u00e0 exercer l\u2019activit\u00e9 de mandataire en transactions immobili\u00e8res, aux c\u00f4t\u00e9s des agents immobiliers.<\/span><\/p>\n<p>L\u2019avocat mandataire en transactions immobili\u00e8res peut, notamment,\u00a0<span style=\"font-weight: 600; color: black;\">recueillir un mandat de vente, d\u2019achat, de location ou de recherche de location d\u2019un bien immobilier.<\/span><\/p>\n<p>Il exerce cette activit\u00e9 en parall\u00e8le de son activit\u00e9 de conseil \u00e0 la diff\u00e9rence de l&#8217;agent immobilier pour qui elle est autonome.<\/p>\n<p><span style=\"caret-color: #000000; color: #000000;\">Concr\u00e8tement, le r\u00f4le de l\u2019Avocat consiste \u00e0 mettre son client en pr\u00e9sence de vendeurs ou d\u2019acheteurs potentiels, diriger la n\u00e9gociation relative \u00e0 la transaction immobili\u00e8re, proc\u00e9der aux visites des biens et informer acheteur et vendeur sur le contenu et les cons\u00e9quences de la promesse de vente et de l\u2019acte de vente qu\u2019il r\u00e9digera. Surtout, l\u2019objectif est de conclure une vente dans les meilleures conditions juridiques et fiscales.<\/span><\/p><\/div>\n\t\t\t\t<\/div>\n\t\t\t\t<\/div>\n\t\t\t\t\t\t<\/div>\n\t\t\t\t\t<\/div>\n\t\t<\/div>\n\t\t\t\t<div class=\"elementor-column elementor-col-50 elementor-top-column elementor-element elementor-element-5a20bda\" data-id=\"5a20bda\" data-element_type=\"column\">\n\t\t\t<div class=\"elementor-column-wrap elementor-element-populated\">\n\t\t\t\t\t\t\t<div class=\"elementor-widget-wrap\">\n\t\t\t\t\t\t<div class=\"elementor-element elementor-element-266e978 elementor-widget elementor-widget-spacer\" data-id=\"266e978\" data-element_type=\"widget\" data-widget_type=\"spacer.default\">\n\t\t\t\t<div class=\"elementor-widget-container\">\n\t\t\t\t\t<div class=\"elementor-spacer\">\n\t\t\t<div class=\"elementor-spacer-inner\"><\/div>\n\t\t<\/div>\n\t\t\t\t<\/div>\n\t\t\t\t<\/div>\n\t\t\t\t<div class=\"elementor-element elementor-element-9638b5e elementor-widget elementor-widget-image\" data-id=\"9638b5e\" data-element_type=\"widget\" data-widget_type=\"image.default\">\n\t\t\t\t<div class=\"elementor-widget-container\">\n\t\t\t\t\t<div class=\"elementor-image\">\n\t\t\t\t\t\t\t\t\t\t\t<a href=\"http:\/\/www.marcheimmobilierdesavocats.com\">\n\t\t\t\t\t\t\t<img width=\"241\" height=\"300\" src=\"https:\/\/ghiglino-avocat.fr\/wp-content\/uploads\/2020\/02\/Logo-MIA-241x300.jpg\" class=\"attachment-medium size-medium\" alt=\"March\u00e9 immobilier des avocats\" loading=\"lazy\" srcset=\"https:\/\/ghiglino-avocat.fr\/wp-content\/uploads\/2020\/02\/Logo-MIA-241x300.jpg 241w, https:\/\/ghiglino-avocat.fr\/wp-content\/uploads\/2020\/02\/Logo-MIA-822x1024.jpg 822w, https:\/\/ghiglino-avocat.fr\/wp-content\/uploads\/2020\/02\/Logo-MIA-768x956.jpg 768w, https:\/\/ghiglino-avocat.fr\/wp-content\/uploads\/2020\/02\/Logo-MIA-1233x1536.jpg 1233w, https:\/\/ghiglino-avocat.fr\/wp-content\/uploads\/2020\/02\/Logo-MIA.jpg 1345w\" sizes=\"(max-width: 241px) 100vw, 241px\" \/>\t\t\t\t\t\t\t\t<\/a>\n\t\t\t\t\t\t\t\t\t\t\t<\/div>\n\t\t\t\t<\/div>\n\t\t\t\t<\/div>\n\t\t\t\t<div class=\"elementor-element elementor-element-df5828a elementor-widget elementor-widget-text-editor\" data-id=\"df5828a\" data-element_type=\"widget\" data-widget_type=\"text-editor.default\">\n\t\t\t\t<div class=\"elementor-widget-container\">\n\t\t\t\t\t<div class=\"elementor-text-editor elementor-clearfix\"><span style=\"font-weight: 600; color: black;\"><p>Maitre Ghiglino est membre du <strong>March\u00e9 Immobilier des Avocats.<\/strong><\/p>\n<p>Cette association cr\u00e9\u00e9e par 28 barreaux fondateurs a mis en place une plateforme num\u00e9rique et logistique d\u00e9di\u00e9e \u00e0 l&#8217;activit\u00e9 de Mandataire Immobilier.<\/p><\/div>\n\t\t\t\t<\/div>\n\t\t\t\t<\/div>\n\t\t\t\t\t\t<\/div>\n\t\t\t\t\t<\/div>\n\t\t<\/div>\n\t\t\t\t\t\t\t\t<\/div>\n\t\t\t\t\t<\/div>\n\t\t<\/section>\n\t\t\t\t<section class=\"elementor-section elementor-top-section elementor-element elementor-element-c7a5b1e elementor-section-boxed elementor-section-height-default elementor-section-height-default\" data-id=\"c7a5b1e\" data-element_type=\"section\">\n\t\t\t\t\t\t<div class=\"elementor-container elementor-column-gap-default\">\n\t\t\t\t\t\t\t<div class=\"elementor-row\">\n\t\t\t\t\t<div class=\"elementor-column elementor-col-100 elementor-top-column elementor-element elementor-element-8194c50\" data-id=\"8194c50\" data-element_type=\"column\">\n\t\t\t<div class=\"elementor-column-wrap elementor-element-populated\">\n\t\t\t\t\t\t\t<div class=\"elementor-widget-wrap\">\n\t\t\t\t\t\t<div class=\"elementor-element elementor-element-592d432 elementor-widget elementor-widget-heading\" data-id=\"592d432\" data-element_type=\"widget\" data-widget_type=\"heading.default\">\n\t\t\t\t<div class=\"elementor-widget-container\">\n\t\t\t<h2 class=\"elementor-heading-title elementor-size-default\">Avantages de l'Avocat Mandataire immobilier<\/h2>\t\t<\/div>\n\t\t\t\t<\/div>\n\t\t\t\t<div class=\"elementor-element elementor-element-303b0db elementor-widget elementor-widget-text-editor\" data-id=\"303b0db\" data-element_type=\"widget\" data-widget_type=\"text-editor.default\">\n\t\t\t\t<div class=\"elementor-widget-container\">\n\t\t\t\t\t<div class=\"elementor-text-editor elementor-clearfix\"><p>L\u2019avocat a vocation \u00e0 accompagner ses clients dans tous les actes de la vie civile, et de ce fait il est tout \u00e0 fait comp\u00e9tent pour conseiller son client lors d\u2019une transaction ayant pour objet l\u2019achat, la vente ou encore la prise en location d\u2019un bien immobilier.<\/p>\n<p><strong>Faire appel \u00e0 un avocat vous permet de vous faire accompagner par un professionnel du droit pendant toute la dur\u00e9e de la transaction, en b\u00e9n\u00e9ficiant de son expertise, d\u2019une s\u00e9curit\u00e9 juridique et d\u2019une garantie financi\u00e8re, et d\u2019acqu\u00e9rir ou vendre votre bien dans les meilleures conditions juridiques et fiscales.<\/strong><\/p>\n<p>Ainsi, la r\u00e8glementation applicable \u00e0 l\u2019avocat apporte des avantages par rapport \u00e0 l\u2019activit\u00e9 de l\u2019agent immobilier\u00a0:<\/p>\n<ul>\n<li>l\u2019avocat pr\u00e9sente des\u00a0<strong>garanties professionnelles<\/strong><\/li>\n<li>L\u2019avocat est soumis au\u00a0<strong>secret professionnel<\/strong>\u00a0pendant et apr\u00e8s la transaction<\/li>\n<li>l\u2019avocat va proc\u00e9der \u00e0 la\u00a0<strong>r\u00e9daction de la promesse<\/strong>\u00a0de vente<\/li>\n<li>le client peut\u00a0<strong>mettre fin au mandat \u00e0 tout moment<\/strong>\u00a0alors qu\u2019il est engag\u00e9 avec l\u2019agence immobili\u00e8re \u00a0<\/li>\n<li>l&#8217;avocat dispose de garanties financi\u00e8res de non repr\u00e9sentation des fonds d\u2019un montant de 35 millions d\u2019euros et d\u2019une assurance responsabilit\u00e9 civile professionnelle d\u2019environ 3,5 millions d\u2019euros.<\/li>\n<li>Apr\u00e8s la r\u00e9alisation de la transaction, en cas de litige, l\u2019avocat pourra conseiller et d\u00e9fendre son client. L\u2019avocat anticipe les difficult\u00e9s d\u2019application et d\u2019ex\u00e9cution d\u2019un acte afin d\u2019\u00e9viter au mieux les contentieux.<\/li>\n<\/ul><\/div>\n\t\t\t\t<\/div>\n\t\t\t\t<\/div>\n\t\t\t\t\t\t<\/div>\n\t\t\t\t\t<\/div>\n\t\t<\/div>\n\t\t\t\t\t\t\t\t<\/div>\n\t\t\t\t\t<\/div>\n\t\t<\/section>\n\t\t\t\t<section class=\"elementor-section elementor-top-section elementor-element elementor-element-4890b94 elementor-section-boxed elementor-section-height-default elementor-section-height-default\" data-id=\"4890b94\" data-element_type=\"section\">\n\t\t\t\t\t\t<div class=\"elementor-container elementor-column-gap-default\">\n\t\t\t\t\t\t\t<div class=\"elementor-row\">\n\t\t\t\t\t<div class=\"elementor-column elementor-col-100 elementor-top-column elementor-element elementor-element-5818d37\" data-id=\"5818d37\" data-element_type=\"column\">\n\t\t\t<div class=\"elementor-column-wrap elementor-element-populated\">\n\t\t\t\t\t\t\t<div class=\"elementor-widget-wrap\">\n\t\t\t\t\t\t<div class=\"elementor-element elementor-element-3538ea2 elementor-widget elementor-widget-heading\" data-id=\"3538ea2\" data-element_type=\"widget\" data-widget_type=\"heading.default\">\n\t\t\t\t<div class=\"elementor-widget-container\">\n\t\t\t<h2 class=\"elementor-heading-title elementor-size-default\">Missions connexes<\/h2>\t\t<\/div>\n\t\t\t\t<\/div>\n\t\t\t\t<div class=\"elementor-element elementor-element-d827bab elementor-widget elementor-widget-text-editor\" data-id=\"d827bab\" data-element_type=\"widget\" data-widget_type=\"text-editor.default\">\n\t\t\t\t<div class=\"elementor-widget-container\">\n\t\t\t\t\t<div class=\"elementor-text-editor elementor-clearfix\"><p>L\u2019article 6.3 du R\u00e8glement int\u00e9rieur national (RIN) de la profession d\u2019avocat pr\u00e9voit \u00e9galement que l\u2019avocat peut notamment accepter : \u00ab\u00a0<strong><em>un mandat de gestion de portefeuille ou d\u2019immeubles \u00e0 titre accessoire et occasionnel, \u00eatre syndic de copropri\u00e9t\u00e9, mandataire en transaction immobili\u00e8re<\/em>,<\/strong>\u00a0(\u2026)\u00a0\u00bb.<\/p>\n<p>L&#8217;activit\u00e9 de mandataire immobilier comprend \u00e9galement\u00a0<strong>les transactions relatives aux fonds de commerce et \u00e0 tout autre bien immat\u00e9riel.<\/strong><\/p><\/div>\n\t\t\t\t<\/div>\n\t\t\t\t<\/div>\n\t\t\t\t\t\t<\/div>\n\t\t\t\t\t<\/div>\n\t\t<\/div>\n\t\t\t\t\t\t\t\t<\/div>\n\t\t\t\t\t<\/div>\n\t\t<\/section>\n\t\t\t\t\t\t<\/div>\n\t\t\t\t\t\t<\/div>\n\t\t\t\t\t<\/div>\n\t\t","protected":false},"excerpt":{"rendered":"<p>Principe La Loi Hoguet autorise les avocats \u00e0 exercer l\u2019activit\u00e9 de mandataire en transactions immobili\u00e8res, aux c\u00f4t\u00e9s des agents immobiliers. L\u2019avocat mandataire en transactions immobili\u00e8res peut, notamment,&nbsp;recueillir un mandat de vente, d\u2019achat, de location ou de recherche de location d\u2019un bien immobilier. Il exerce cette activit\u00e9 en parall\u00e8le de son activit\u00e9 de conseil \u00e0 la [&hellip;]<\/p>\n","protected":false},"author":1,"featured_media":0,"parent":0,"menu_order":0,"comment_status":"closed","ping_status":"closed","template":"","meta":{"ngg_post_thumbnail":0},"yoast_head":"<!-- This site is optimized with the Yoast SEO plugin v15.1.1 - https:\/\/yoast.com\/wordpress\/plugins\/seo\/ -->\n<title>Mandataire immobilier - Ma\u00eetre Maxime GHIGLINO<\/title>\n<meta name=\"description\" content=\"Conseil et Transaction immobili\u00e8re - Mandat de vente - Mandat d&#039;achat - Mandat de recherche - Mandat de loctation - R\u00e9daction d&#039;avant-contrats\" \/>\n<meta name=\"robots\" content=\"index, follow, max-snippet:-1, max-image-preview:large, max-video-preview:-1\" \/>\n<link rel=\"canonical\" href=\"https:\/\/ghiglino-avocat.fr\/index.php\/mandataire-immobilier\/\" \/>\n<meta property=\"og:locale\" content=\"en_US\" \/>\n<meta property=\"og:type\" content=\"article\" \/>\n<meta property=\"og:title\" content=\"Mandataire immobilier - Ma\u00eetre Maxime GHIGLINO\" \/>\n<meta property=\"og:description\" content=\"Conseil et Transaction immobili\u00e8re - Mandat de vente - Mandat d&#039;achat - Mandat de recherche - Mandat de loctation - R\u00e9daction d&#039;avant-contrats\" \/>\n<meta property=\"og:url\" content=\"https:\/\/ghiglino-avocat.fr\/index.php\/mandataire-immobilier\/\" \/>\n<meta property=\"og:site_name\" content=\"Maxime GHIGLINO\" \/>\n<meta property=\"article:modified_time\" content=\"2020-03-25T08:57:40+00:00\" \/>\n<meta property=\"og:image\" content=\"http:\/\/ghiglino-avocat.fr\/wp-content\/uploads\/2020\/02\/Logo-MIA-241x300.jpg\" \/>\n<meta name=\"twitter:card\" content=\"summary_large_image\" \/>\n<script type=\"application\/ld+json\" class=\"yoast-schema-graph\">{\"@context\":\"https:\/\/schema.org\",\"@graph\":[{\"@type\":\"Organization\",\"@id\":\"https:\/\/ghiglino-avocat.fr\/#organization\",\"name\":\"Maxime GHIGLINO Avocat\",\"url\":\"https:\/\/ghiglino-avocat.fr\/\",\"sameAs\":[],\"logo\":{\"@type\":\"ImageObject\",\"@id\":\"https:\/\/ghiglino-avocat.fr\/#logo\",\"inLanguage\":\"en-US\",\"url\":\"https:\/\/ghiglino-avocat.fr\/wp-content\/uploads\/2019\/12\/Logo-MG.jpg\",\"width\":98,\"height\":77,\"caption\":\"Maxime GHIGLINO Avocat\"},\"image\":{\"@id\":\"https:\/\/ghiglino-avocat.fr\/#logo\"}},{\"@type\":\"WebSite\",\"@id\":\"https:\/\/ghiglino-avocat.fr\/#website\",\"url\":\"https:\/\/ghiglino-avocat.fr\/\",\"name\":\"Maxime GHIGLINO - Avocat\",\"description\":\"Avocat au barreau de Lyon\",\"publisher\":{\"@id\":\"https:\/\/ghiglino-avocat.fr\/#organization\"},\"potentialAction\":[{\"@type\":\"SearchAction\",\"target\":\"https:\/\/ghiglino-avocat.fr\/?s={search_term_string}\",\"query-input\":\"required name=search_term_string\"}],\"inLanguage\":\"en-US\"},{\"@type\":\"ImageObject\",\"@id\":\"https:\/\/ghiglino-avocat.fr\/index.php\/mandataire-immobilier\/#primaryimage\",\"inLanguage\":\"en-US\",\"url\":\"http:\/\/ghiglino-avocat.fr\/wp-content\/uploads\/2020\/02\/Logo-MIA-241x300.jpg\"},{\"@type\":\"WebPage\",\"@id\":\"https:\/\/ghiglino-avocat.fr\/index.php\/mandataire-immobilier\/#webpage\",\"url\":\"https:\/\/ghiglino-avocat.fr\/index.php\/mandataire-immobilier\/\",\"name\":\"Mandataire immobilier - Ma\\u00eetre Maxime GHIGLINO\",\"isPartOf\":{\"@id\":\"https:\/\/ghiglino-avocat.fr\/#website\"},\"primaryImageOfPage\":{\"@id\":\"https:\/\/ghiglino-avocat.fr\/index.php\/mandataire-immobilier\/#primaryimage\"},\"datePublished\":\"2020-02-13T13:34:19+00:00\",\"dateModified\":\"2020-03-25T08:57:40+00:00\",\"description\":\"Conseil et Transaction immobili\\u00e8re - Mandat de vente - Mandat d'achat - Mandat de recherche - Mandat de loctation - R\\u00e9daction d'avant-contrats\",\"inLanguage\":\"en-US\",\"potentialAction\":[{\"@type\":\"ReadAction\",\"target\":[\"https:\/\/ghiglino-avocat.fr\/index.php\/mandataire-immobilier\/\"]}]}]}<\/script>\n<!-- \/ Yoast SEO plugin. -->","_links":{"self":[{"href":"https:\/\/ghiglino-avocat.fr\/index.php\/wp-json\/wp\/v2\/pages\/135"}],"collection":[{"href":"https:\/\/ghiglino-avocat.fr\/index.php\/wp-json\/wp\/v2\/pages"}],"about":[{"href":"https:\/\/ghiglino-avocat.fr\/index.php\/wp-json\/wp\/v2\/types\/page"}],"author":[{"embeddable":true,"href":"https:\/\/ghiglino-avocat.fr\/index.php\/wp-json\/wp\/v2\/users\/1"}],"replies":[{"embeddable":true,"href":"https:\/\/ghiglino-avocat.fr\/index.php\/wp-json\/wp\/v2\/comments?post=135"}],"version-history":[{"count":11,"href":"https:\/\/ghiglino-avocat.fr\/index.php\/wp-json\/wp\/v2\/pages\/135\/revisions"}],"predecessor-version":[{"id":450,"href":"https:\/\/ghiglino-avocat.fr\/index.php\/wp-json\/wp\/v2\/pages\/135\/revisions\/450"}],"wp:attachment":[{"href":"https:\/\/ghiglino-avocat.fr\/index.php\/wp-json\/wp\/v2\/media?parent=135"}],"curies":[{"name":"wp","href":"https:\/\/api.w.org\/{rel}","templated":true}]}}