{"id":17,"date":"2020-01-07T08:30:28","date_gmt":"2020-01-07T07:30:28","guid":{"rendered":"http:\/\/ghiglino-avocat.fr\/?page_id=17"},"modified":"2020-02-13T14:27:57","modified_gmt":"2020-02-13T13:27:57","slug":"honoraires","status":"publish","type":"page","link":"https:\/\/ghiglino-avocat.fr\/index.php\/honoraires\/","title":{"rendered":"Politique tarifaire"},"content":{"rendered":"\n<h1 class=\"has-text-align-center\">Une politique tarifaire fond\u00e9e sur la confiance<\/h1>\n\n\n\n<div class=\"wp-block-columns\">\n<div class=\"wp-block-column\">\n<figure class=\"wp-block-image size-large is-resized\"><img loading=\"lazy\" src=\"http:\/\/ghiglino-avocat.fr\/wp-content\/uploads\/2020\/02\/man-talking-about-architecture-ideas-1080x720-2-1024x683.jpg\" alt=\"\" class=\"wp-image-129\" width=\"512\" height=\"342\" srcset=\"https:\/\/ghiglino-avocat.fr\/wp-content\/uploads\/2020\/02\/man-talking-about-architecture-ideas-1080x720-2-1024x683.jpg 1024w, https:\/\/ghiglino-avocat.fr\/wp-content\/uploads\/2020\/02\/man-talking-about-architecture-ideas-1080x720-2-300x200.jpg 300w, https:\/\/ghiglino-avocat.fr\/wp-content\/uploads\/2020\/02\/man-talking-about-architecture-ideas-1080x720-2-768x512.jpg 768w, https:\/\/ghiglino-avocat.fr\/wp-content\/uploads\/2020\/02\/man-talking-about-architecture-ideas-1080x720-2.jpg 1080w\" sizes=\"(max-width: 512px) 100vw, 512px\" \/><\/figure>\n<\/div>\n\n\n\n<div class=\"wp-block-column\">\n<p style=\"font-size:18px\" class=\"has-text-align-center\"><strong>Notre politique tarifaire est fond\u00e9e sur la confiance. Elle repose sur une communication claire et transparente.<\/strong><\/p>\n\n\n\n<p>Nous adaptons nos modalit\u00e9s de facturation en fonction de la nature des dossiers. Dans toute la mesure du possible, nous \u00e9tablissons des budgets pr\u00e9visionnels, sur la base d\u2019une estimation du temps pass\u00e9 et nous pouvons proposer, dans certains cas, des forfaits, des abonnements et des honoraires de r\u00e9sultat.<br>Une convention d\u2019honoraires, \u00e9tablie d\u00e8s le d\u00e9but de la relation, fixe les modalit\u00e9s de r\u00e9mun\u00e9ration des prestations juridiques. Nous communiquons \u00e9galement la liste des taux horaires applicables. <\/p>\n<\/div>\n<\/div>\n\n\n\n<p>Divers modes de facturations sont envisageables:<\/p>\n\n\n\n<p>La facturation peut-\u00eatre effectu\u00e9e au temps pass\u00e9. Les modalit\u00e9s de facturation sont n\u00e9anmoins personnalisables en fonction de la nature du dossier et du souhait du client.<br>A chaque facture, un \u00e9tat r\u00e9capitulatif est joint, permettant de conna\u00eetre la nature des prestations effectu\u00e9es au cours de la p\u00e9riode de facturation et ayant servi \u00e0 la pr\u00e9paration de la facturation. Il appartient au client de veiller \u00e0 la confidentialit\u00e9 des donn\u00e9es figurant dans cet \u00e9tat.<\/p>\n\n\n\n<p>Nous proposons \u00e9galement de nombreuses formules tarifaires adapt\u00e9es \u00e0 vos besoins.<\/p>\n\n\n\n<div class=\"wp-block-columns\">\n<div class=\"wp-block-column\">\n<figure class=\"wp-block-image size-thumbnail\"><img loading=\"lazy\" width=\"150\" height=\"150\" src=\"http:\/\/ghiglino-avocat.fr\/wp-content\/uploads\/2020\/02\/29302-150x150.png\" alt=\"\" class=\"wp-image-123\" srcset=\"https:\/\/ghiglino-avocat.fr\/wp-content\/uploads\/2020\/02\/29302-150x150.png 150w, https:\/\/ghiglino-avocat.fr\/wp-content\/uploads\/2020\/02\/29302-300x300.png 300w, https:\/\/ghiglino-avocat.fr\/wp-content\/uploads\/2020\/02\/29302.png 512w\" sizes=\"(max-width: 150px) 100vw, 150px\" \/><\/figure>\n\n\n\n<p>Vous souhaitez un abonnement mensuel pour b\u00e9n\u00e9ficier d\u2019un conseil juridique \u00e0 tout moment ?<\/p>\n<\/div>\n\n\n\n<div class=\"wp-block-column\">\n<figure class=\"wp-block-image size-thumbnail\"><img loading=\"lazy\" width=\"150\" height=\"150\" src=\"http:\/\/ghiglino-avocat.fr\/wp-content\/uploads\/2020\/02\/85966-150x150.png\" alt=\"\" class=\"wp-image-124\" srcset=\"https:\/\/ghiglino-avocat.fr\/wp-content\/uploads\/2020\/02\/85966-150x150.png 150w, https:\/\/ghiglino-avocat.fr\/wp-content\/uploads\/2020\/02\/85966-300x300.png 300w, https:\/\/ghiglino-avocat.fr\/wp-content\/uploads\/2020\/02\/85966.png 512w\" sizes=\"(max-width: 150px) 100vw, 150px\" \/><\/figure>\n\n\n\n<p>Vous souhaitez un forfait pour la r\u00e9daction de documents juridiques ?<\/p>\n<\/div>\n\n\n\n<div class=\"wp-block-column\">\n<figure class=\"wp-block-image size-thumbnail\"><img loading=\"lazy\" width=\"150\" height=\"150\" src=\"http:\/\/ghiglino-avocat.fr\/wp-content\/uploads\/2020\/02\/60473-150x150.png\" alt=\"\" class=\"wp-image-125\" srcset=\"https:\/\/ghiglino-avocat.fr\/wp-content\/uploads\/2020\/02\/60473-150x150.png 150w, https:\/\/ghiglino-avocat.fr\/wp-content\/uploads\/2020\/02\/60473-300x300.png 300w, https:\/\/ghiglino-avocat.fr\/wp-content\/uploads\/2020\/02\/60473.png 512w\" sizes=\"(max-width: 150px) 100vw, 150px\" \/><\/figure>\n\n\n\n<p>Vous avez besoin d\u2019une formule mixte ?<\/p>\n<\/div>\n<\/div>\n\n\n\n<p>Enfin , des frais administratifs, d\u2019un montant \u00e9tabli forfaitairement \u00e0 2% des honoraires, sont factur\u00e9s en sus au client. Ils couvrent les frais de communication, de reproduction de documents et autres frais administratifs. Aucun autre frais interne n\u2019est factur\u00e9.<br><br>Les frais expos\u00e9s aupr\u00e8s de tiers, tels que frais de d\u00e9placement, de traduction, d\u2019huissiers, et de correspondants sont refactur\u00e9s sans marge, \u00e0 moins qu\u2019il ne soit demand\u00e9 un r\u00e8glement direct. Nous tenons \u00e0 votre disposition les justificatifs.<\/p>\n","protected":false},"excerpt":{"rendered":"<p>Une politique tarifaire fond\u00e9e sur la confiance Notre politique tarifaire est fond\u00e9e sur la confiance. Elle repose sur une communication claire et transparente. Nous adaptons nos modalit\u00e9s de facturation en fonction de la nature des dossiers. Dans toute la mesure du possible, nous \u00e9tablissons des budgets pr\u00e9visionnels, sur la base d\u2019une estimation du temps pass\u00e9 [&hellip;]<\/p>\n","protected":false},"author":1,"featured_media":0,"parent":0,"menu_order":0,"comment_status":"closed","ping_status":"closed","template":"","meta":{"ngg_post_thumbnail":0},"yoast_head":"<!-- This site is optimized with the Yoast SEO plugin v15.1.1 - https:\/\/yoast.com\/wordpress\/plugins\/seo\/ -->\n<title>Politique tarifaire - Maxime GHIGLINO<\/title>\n<meta name=\"robots\" content=\"index, follow, max-snippet:-1, max-image-preview:large, max-video-preview:-1\" \/>\n<link rel=\"canonical\" href=\"https:\/\/ghiglino-avocat.fr\/index.php\/honoraires\/\" \/>\n<meta property=\"og:locale\" content=\"en_US\" \/>\n<meta property=\"og:type\" content=\"article\" \/>\n<meta property=\"og:title\" content=\"Politique tarifaire - Maxime GHIGLINO\" \/>\n<meta property=\"og:description\" content=\"Une politique tarifaire fond\u00e9e sur la confiance Notre politique tarifaire est fond\u00e9e sur la confiance. Elle repose sur une communication claire et transparente. Nous adaptons nos modalit\u00e9s de facturation en fonction de la nature des dossiers. Dans toute la mesure du possible, nous \u00e9tablissons des budgets pr\u00e9visionnels, sur la base d\u2019une estimation du temps pass\u00e9 [&hellip;]\" \/>\n<meta property=\"og:url\" content=\"https:\/\/ghiglino-avocat.fr\/index.php\/honoraires\/\" \/>\n<meta property=\"og:site_name\" content=\"Maxime GHIGLINO\" \/>\n<meta property=\"article:modified_time\" content=\"2020-02-13T13:27:57+00:00\" \/>\n<meta property=\"og:image\" content=\"http:\/\/ghiglino-avocat.fr\/wp-content\/uploads\/2020\/02\/man-talking-about-architecture-ideas-1080x720-2-1024x683.jpg\" \/>\n<meta name=\"twitter:card\" content=\"summary_large_image\" \/>\n<script type=\"application\/ld+json\" class=\"yoast-schema-graph\">{\"@context\":\"https:\/\/schema.org\",\"@graph\":[{\"@type\":\"Organization\",\"@id\":\"https:\/\/ghiglino-avocat.fr\/#organization\",\"name\":\"Maxime GHIGLINO Avocat\",\"url\":\"https:\/\/ghiglino-avocat.fr\/\",\"sameAs\":[],\"logo\":{\"@type\":\"ImageObject\",\"@id\":\"https:\/\/ghiglino-avocat.fr\/#logo\",\"inLanguage\":\"en-US\",\"url\":\"https:\/\/ghiglino-avocat.fr\/wp-content\/uploads\/2019\/12\/Logo-MG.jpg\",\"width\":98,\"height\":77,\"caption\":\"Maxime GHIGLINO Avocat\"},\"image\":{\"@id\":\"https:\/\/ghiglino-avocat.fr\/#logo\"}},{\"@type\":\"WebSite\",\"@id\":\"https:\/\/ghiglino-avocat.fr\/#website\",\"url\":\"https:\/\/ghiglino-avocat.fr\/\",\"name\":\"Maxime GHIGLINO - Avocat\",\"description\":\"Avocat au barreau de Lyon\",\"publisher\":{\"@id\":\"https:\/\/ghiglino-avocat.fr\/#organization\"},\"potentialAction\":[{\"@type\":\"SearchAction\",\"target\":\"https:\/\/ghiglino-avocat.fr\/?s={search_term_string}\",\"query-input\":\"required name=search_term_string\"}],\"inLanguage\":\"en-US\"},{\"@type\":\"ImageObject\",\"@id\":\"https:\/\/ghiglino-avocat.fr\/index.php\/honoraires\/#primaryimage\",\"inLanguage\":\"en-US\",\"url\":\"http:\/\/ghiglino-avocat.fr\/wp-content\/uploads\/2020\/02\/man-talking-about-architecture-ideas-1080x720-2-1024x683.jpg\"},{\"@type\":\"WebPage\",\"@id\":\"https:\/\/ghiglino-avocat.fr\/index.php\/honoraires\/#webpage\",\"url\":\"https:\/\/ghiglino-avocat.fr\/index.php\/honoraires\/\",\"name\":\"Politique tarifaire - Maxime GHIGLINO\",\"isPartOf\":{\"@id\":\"https:\/\/ghiglino-avocat.fr\/#website\"},\"primaryImageOfPage\":{\"@id\":\"https:\/\/ghiglino-avocat.fr\/index.php\/honoraires\/#primaryimage\"},\"datePublished\":\"2020-01-07T07:30:28+00:00\",\"dateModified\":\"2020-02-13T13:27:57+00:00\",\"inLanguage\":\"en-US\",\"potentialAction\":[{\"@type\":\"ReadAction\",\"target\":[\"https:\/\/ghiglino-avocat.fr\/index.php\/honoraires\/\"]}]}]}<\/script>\n<!-- \/ Yoast SEO plugin. -->","_links":{"self":[{"href":"https:\/\/ghiglino-avocat.fr\/index.php\/wp-json\/wp\/v2\/pages\/17"}],"collection":[{"href":"https:\/\/ghiglino-avocat.fr\/index.php\/wp-json\/wp\/v2\/pages"}],"about":[{"href":"https:\/\/ghiglino-avocat.fr\/index.php\/wp-json\/wp\/v2\/types\/page"}],"author":[{"embeddable":true,"href":"https:\/\/ghiglino-avocat.fr\/index.php\/wp-json\/wp\/v2\/users\/1"}],"replies":[{"embeddable":true,"href":"https:\/\/ghiglino-avocat.fr\/index.php\/wp-json\/wp\/v2\/comments?post=17"}],"version-history":[{"count":12,"href":"https:\/\/ghiglino-avocat.fr\/index.php\/wp-json\/wp\/v2\/pages\/17\/revisions"}],"predecessor-version":[{"id":119,"href":"https:\/\/ghiglino-avocat.fr\/index.php\/wp-json\/wp\/v2\/pages\/17\/revisions\/119"}],"wp:attachment":[{"href":"https:\/\/ghiglino-avocat.fr\/index.php\/wp-json\/wp\/v2\/media?parent=17"}],"curies":[{"name":"wp","href":"https:\/\/api.w.org\/{rel}","templated":true}]}}