{"id":282,"date":"2020-03-18T10:52:29","date_gmt":"2020-03-18T09:52:29","guid":{"rendered":"http:\/\/ghiglino-avocat.fr\/?page_id=282"},"modified":"2020-11-18T22:35:38","modified_gmt":"2020-11-18T21:35:38","slug":"immobilier-et-construction","status":"publish","type":"page","link":"https:\/\/ghiglino-avocat.fr\/index.php\/immobilier-et-construction\/","title":{"rendered":"Immobilier et Construction"},"content":{"rendered":"\t\t<div data-elementor-type=\"wp-page\" data-elementor-id=\"282\" class=\"elementor elementor-282\" data-elementor-settings=\"[]\">\n\t\t\t\t\t\t<div class=\"elementor-inner\">\n\t\t\t\t\t\t\t<div class=\"elementor-section-wrap\">\n\t\t\t\t\t\t\t<section class=\"elementor-section elementor-top-section elementor-element elementor-element-40a5279 elementor-section-boxed elementor-section-height-default elementor-section-height-default\" data-id=\"40a5279\" data-element_type=\"section\">\n\t\t\t\t\t\t<div class=\"elementor-container elementor-column-gap-default\">\n\t\t\t\t\t\t\t<div class=\"elementor-row\">\n\t\t\t\t\t<div class=\"elementor-column elementor-col-100 elementor-top-column elementor-element elementor-element-d3b4423\" data-id=\"d3b4423\" data-element_type=\"column\">\n\t\t\t<div class=\"elementor-column-wrap elementor-element-populated\">\n\t\t\t\t\t\t\t<div class=\"elementor-widget-wrap\">\n\t\t\t\t\t\t<div class=\"elementor-element elementor-element-c7eb26f elementor-widget elementor-widget-heading\" data-id=\"c7eb26f\" data-element_type=\"widget\" data-widget_type=\"heading.default\">\n\t\t\t\t<div class=\"elementor-widget-container\">\n\t\t\t<h1 class=\"elementor-heading-title elementor-size-default\">Immobilier et Construction\u200b<\/h1>\t\t<\/div>\n\t\t\t\t<\/div>\n\t\t\t\t<div class=\"elementor-element elementor-element-1b883c5 elementor-widget elementor-widget-text-editor\" data-id=\"1b883c5\" data-element_type=\"widget\" data-widget_type=\"text-editor.default\">\n\t\t\t\t<div class=\"elementor-widget-container\">\n\t\t\t\t\t<div class=\"elementor-text-editor elementor-clearfix\"><p>Nous b\u00e9n\u00e9ficions d&#8217;une v\u00e9ritable expertise en\u00a0<span style=\"font-weight: 600; color: #6e6e6e;\">droit immobilier<\/span>.<\/p><p>Nous vous accompagnons\u00a0en vous conseillant sur les modalit\u00e9s de l&#8217;op\u00e9rations que vous souhaiter r\u00e9aliser. En effet, le recours \u00e0 un avocat permet de s\u00e9curiser les transactions immobili\u00e8res, de les optimiser et surtout de pr\u00e9venir les potentiels litiges r\u00e9sultant de ces op\u00e9rations. \u00a0<\/p><p>Nous assurons\u00a0\u00e9galement votre la d\u00e9fense\u00a0de vos int\u00e9r\u00eats dans les contentieux immobiliers, devant les juridictions et lors d\u2019expertises judiciaires.<\/p><p>Nous d\u00e9finirons ensemble une\u00a0strat\u00e9gie\u00a0au regard de votre situation, de vos pr\u00e9tentions et des enjeux en la cause.<\/p><\/div>\n\t\t\t\t<\/div>\n\t\t\t\t<\/div>\n\t\t\t\t\t\t<\/div>\n\t\t\t\t\t<\/div>\n\t\t<\/div>\n\t\t\t\t\t\t\t\t<\/div>\n\t\t\t\t\t<\/div>\n\t\t<\/section>\n\t\t\t\t<section class=\"elementor-section elementor-top-section elementor-element elementor-element-7f9eb49 elementor-section-boxed elementor-section-height-default elementor-section-height-default\" data-id=\"7f9eb49\" data-element_type=\"section\">\n\t\t\t\t\t\t<div class=\"elementor-container elementor-column-gap-default\">\n\t\t\t\t\t\t\t<div class=\"elementor-row\">\n\t\t\t\t\t<div class=\"elementor-column elementor-col-100 elementor-top-column elementor-element elementor-element-bd962ca\" data-id=\"bd962ca\" data-element_type=\"column\">\n\t\t\t<div class=\"elementor-column-wrap elementor-element-populated\">\n\t\t\t\t\t\t\t<div class=\"elementor-widget-wrap\">\n\t\t\t\t\t\t<div class=\"elementor-element elementor-element-f1040fd elementor-widget-divider--view-line elementor-widget elementor-widget-divider\" data-id=\"f1040fd\" data-element_type=\"widget\" data-widget_type=\"divider.default\">\n\t\t\t\t<div class=\"elementor-widget-container\">\n\t\t\t\t\t<div class=\"elementor-divider\">\n\t\t\t<span class=\"elementor-divider-separator\">\n\t\t\t\t\t\t<\/span>\n\t\t<\/div>\n\t\t\t\t<\/div>\n\t\t\t\t<\/div>\n\t\t\t\t\t\t<\/div>\n\t\t\t\t\t<\/div>\n\t\t<\/div>\n\t\t\t\t\t\t\t\t<\/div>\n\t\t\t\t\t<\/div>\n\t\t<\/section>\n\t\t\t\t<section class=\"elementor-section elementor-top-section elementor-element elementor-element-da46d89 elementor-section-boxed elementor-section-height-default elementor-section-height-default\" data-id=\"da46d89\" data-element_type=\"section\">\n\t\t\t\t\t\t<div class=\"elementor-container elementor-column-gap-default\">\n\t\t\t\t\t\t\t<div class=\"elementor-row\">\n\t\t\t\t\t<div class=\"elementor-column elementor-col-100 elementor-top-column elementor-element elementor-element-37f06d7\" data-id=\"37f06d7\" data-element_type=\"column\">\n\t\t\t<div class=\"elementor-column-wrap elementor-element-populated\">\n\t\t\t\t\t\t\t<div class=\"elementor-widget-wrap\">\n\t\t\t\t\t\t<section class=\"elementor-section elementor-inner-section elementor-element elementor-element-2ea2cb1 elementor-section-boxed elementor-section-height-default elementor-section-height-default\" data-id=\"2ea2cb1\" data-element_type=\"section\">\n\t\t\t\t\t\t<div class=\"elementor-container elementor-column-gap-default\">\n\t\t\t\t\t\t\t<div class=\"elementor-row\">\n\t\t\t\t\t<div class=\"elementor-column elementor-col-50 elementor-inner-column elementor-element elementor-element-a85b894\" data-id=\"a85b894\" data-element_type=\"column\">\n\t\t\t<div class=\"elementor-column-wrap elementor-element-populated\">\n\t\t\t\t\t\t\t<div class=\"elementor-widget-wrap\">\n\t\t\t\t\t\t<div class=\"elementor-element elementor-element-78e81c2 elementor-widget elementor-widget-image\" data-id=\"78e81c2\" data-element_type=\"widget\" data-widget_type=\"image.default\">\n\t\t\t\t<div class=\"elementor-widget-container\">\n\t\t\t\t\t<div class=\"elementor-image\">\n\t\t\t\t\t\t\t\t\t\t<img width=\"300\" height=\"200\" src=\"https:\/\/ghiglino-avocat.fr\/wp-content\/uploads\/2020\/03\/ville-300x200.jpg\" class=\"attachment-medium size-medium\" alt=\"\" loading=\"lazy\" srcset=\"https:\/\/ghiglino-avocat.fr\/wp-content\/uploads\/2020\/03\/ville-300x200.jpg 300w, https:\/\/ghiglino-avocat.fr\/wp-content\/uploads\/2020\/03\/ville-768x511.jpg 768w, https:\/\/ghiglino-avocat.fr\/wp-content\/uploads\/2020\/03\/ville.jpg 960w\" sizes=\"(max-width: 300px) 100vw, 300px\" \/>\t\t\t\t\t\t\t\t\t\t\t<\/div>\n\t\t\t\t<\/div>\n\t\t\t\t<\/div>\n\t\t\t\t<div class=\"elementor-element elementor-element-b5273b3 elementor-widget elementor-widget-heading\" data-id=\"b5273b3\" data-element_type=\"widget\" data-widget_type=\"heading.default\">\n\t\t\t\t<div class=\"elementor-widget-container\">\n\t\t\t<h2 class=\"elementor-heading-title elementor-size-default\">Immobilier<\/h2>\t\t<\/div>\n\t\t\t\t<\/div>\n\t\t\t\t<div class=\"elementor-element elementor-element-6e2f6c2 elementor-widget elementor-widget-text-editor\" data-id=\"6e2f6c2\" data-element_type=\"widget\" data-widget_type=\"text-editor.default\">\n\t\t\t\t<div class=\"elementor-widget-container\">\n\t\t\t\t\t<div class=\"elementor-text-editor elementor-clearfix\"><p style=\"font-size: 14px; line-height: 1.5; margin-top: 1.5em; margin-bottom: 0px; caret-color: #58585a; color: #58585a; font-family: Arial, Helvetica, sans-serif;\">Nous vous assistons et vous conseillons en mati\u00e8re de\u00a0<b>droit de l\u2019immobilier<\/b>, notamment pour les op\u00e9rations suivantes\u00a0:<b><br \/><\/b><\/p><div style=\"caret-color: #58585a; color: #58585a; font-family: Arial, Helvetica, sans-serif; font-size: 14px;\"><div><p style=\"font-size: 1em; line-height: 1.5; margin-top: 1.5em; margin-bottom: 0px;\"><b>&#8211; Op\u00e9rations fonci\u00e8res et immobili\u00e8res\u00a0<\/b>(acquisitions, ventes, locations) et notamment les\u00a0<b style=\"font-size: 1em;\">Promesses d\u2019achat et de vente immobili\u00e8re<\/b><\/p><p style=\"font-size: 1em; line-height: 1.5; margin-top: 1.5em; margin-bottom: 0px;\"><b style=\"font-size: 1em;\">&#8211; Baux \u00e0 construction et baux emphyt\u00e9otiques<\/b><\/p><p style=\"font-size: 1em; line-height: 1.5; margin-top: 1.5em; margin-bottom: 0px;\"><b style=\"font-size: 1em;\">&#8211; Conseil en mati\u00e8re de montage juridique pour les op\u00e9rations d\u2019acquisition immobili\u00e8re\u00a0:<\/b><\/p><\/div><ul style=\"font-size: 1em; line-height: 1.5; margin-top: 1.5em; margin-bottom: 0px; margin-left: 0px;\"><li>Constitution de soci\u00e9t\u00e9 civile immobili\u00e8re\u00a0;<\/li><li>Ing\u00e9nierie financi\u00e8re\u00a0;<\/li><li>Gestion des aspects fiscaux de l\u2019op\u00e9ration (plus values immobili\u00e8res\u2026)\u00a0;<\/li><li>Relations avec les interm\u00e9diaires, apporteurs d\u2019affaires et agents immobiliers.<\/li><\/ul><p><b style=\"font-size: 1em;\">\u00a0<\/b><\/p><p><b style=\"font-size: 1em;\">&#8211; Assistance et repr\u00e9sentation en mati\u00e8re de litiges relatifs \u00e0 la propri\u00e9t\u00e9 immobili\u00e8re<\/b><span style=\"font-size: 1em;\">\u00a0<\/span><span style=\"font-size: 1em;\">(conflits entre propri\u00e9taires, etc.).<\/span><\/p><p><b style=\"font-size: 1em;\">&#8211; Assistance et repr\u00e9sentation en mati\u00e8re de litiges relatifs \u00e0 la copropri\u00e9t\u00e9 immobili\u00e8re<\/b><span style=\"font-size: 1em;\">\u00a0(conflits entre copropri\u00e9taires, r\u00e8glements de copropri\u00e9t\u00e9, charges de copropri\u00e9t\u00e9\u2026).<\/span><\/p><\/div><\/div>\n\t\t\t\t<\/div>\n\t\t\t\t<\/div>\n\t\t\t\t<div class=\"elementor-element elementor-element-583d8e5 elementor-widget elementor-widget-text-editor\" data-id=\"583d8e5\" data-element_type=\"widget\" data-widget_type=\"text-editor.default\">\n\t\t\t\t<div class=\"elementor-widget-container\">\n\t\t\t\t\t<div class=\"elementor-text-editor elementor-clearfix\"><\/div>\n\t\t\t\t<\/div>\n\t\t\t\t<\/div>\n\t\t\t\t\t\t<\/div>\n\t\t\t\t\t<\/div>\n\t\t<\/div>\n\t\t\t\t<div class=\"elementor-column elementor-col-50 elementor-inner-column elementor-element elementor-element-0607a41\" data-id=\"0607a41\" data-element_type=\"column\">\n\t\t\t<div class=\"elementor-column-wrap elementor-element-populated\">\n\t\t\t\t\t\t\t<div class=\"elementor-widget-wrap\">\n\t\t\t\t\t\t<div class=\"elementor-element elementor-element-bb6d5dd elementor-widget elementor-widget-image\" data-id=\"bb6d5dd\" data-element_type=\"widget\" data-widget_type=\"image.default\">\n\t\t\t\t<div class=\"elementor-widget-container\">\n\t\t\t\t\t<div class=\"elementor-image\">\n\t\t\t\t\t\t\t\t\t\t<img src=\"https:\/\/ghiglino-avocat.fr\/wp-content\/uploads\/2020\/03\/construction.jpg\" title=\"construction\" alt=\"construction\" \/>\t\t\t\t\t\t\t\t\t\t\t<\/div>\n\t\t\t\t<\/div>\n\t\t\t\t<\/div>\n\t\t\t\t<div class=\"elementor-element elementor-element-a46b255 elementor-widget elementor-widget-heading\" data-id=\"a46b255\" data-element_type=\"widget\" data-widget_type=\"heading.default\">\n\t\t\t\t<div class=\"elementor-widget-container\">\n\t\t\t<h2 class=\"elementor-heading-title elementor-size-default\">Construction<\/h2>\t\t<\/div>\n\t\t\t\t<\/div>\n\t\t\t\t<div class=\"elementor-element elementor-element-1ddff3c elementor-widget elementor-widget-text-editor\" data-id=\"1ddff3c\" data-element_type=\"widget\" data-widget_type=\"text-editor.default\">\n\t\t\t\t<div class=\"elementor-widget-container\">\n\t\t\t\t\t<div class=\"elementor-text-editor elementor-clearfix\"><p class=\"bodytext\">Nous intervenons en cette mati\u00e8re afin d&#8217;assister les ma\u00eetres d\u2019ouvrage, les ma\u00eetres d\u2019\u0153uvre, les entreprises et les bureaux d\u2019\u00e9tudes dans la gestion des difficult\u00e9s survenant \u00e0 l\u2019occasion des op\u00e9rations de construction. Il s&#8217;agit notamment :<\/p>\n<ul>\n<li>Les probl\u00e8mes relatifs aux <b>autorisations d&#8217;urbanisme<\/b>: permis de construire, autorisation d\u2019urbanisme.<\/li>\n<li>Les <b>relations entre le ma\u00eetre de l\u2019ouvrage et les intervenants<\/b> \u00e0 l\u2019acte de construire. Il s&#8217;agit entre autres des architectes, des bureaux d\u2019\u00e9tudes, des maitre d\u2019\u0153uvre, et des entrepreneur;<\/li>\n<li>Les litiges survenant \u00e0 l&#8217;occasion de la&nbsp;<b>r\u00e9alisation des&nbsp;travaux de construction.<\/b><\/li><li><font color=\"#6e6e6e\"><span style=\"caret-color: rgb(110, 110, 110);\"><b>Abandon de chantier par le maitre d&#8217;oeuvre<\/b><\/span><\/font><\/li>\n<li>Les litiges lors de la <b>r\u00e9ception ou de la livraison<\/b>&nbsp;;<\/li>\n<li>Les <strong>l<\/strong><b>itiges survenant apr\u00e8s l&#8217;ach\u00e8vement et la. livraison. <\/b>Il s&#8217;agit alors de&nbsp;&nbsp;mettre en \u0153uvre les garanties l\u00e9gales telles que la garantie de parfait ach\u00e8vement, la garantie de bon fonctionnement et la garantie d\u00e9cennale.&nbsp;<\/li>\n<li>Enfin les litiges relatifs aux<b> assurances sp\u00e9cifiques<\/b>&nbsp;telles que l&#8217;assurance construction et l&#8217;assurance de responsabilit\u00e9 civile.<\/li>\n<\/ul><\/div>\n\t\t\t\t<\/div>\n\t\t\t\t<\/div>\n\t\t\t\t\t\t<\/div>\n\t\t\t\t\t<\/div>\n\t\t<\/div>\n\t\t\t\t\t\t\t\t<\/div>\n\t\t\t\t\t<\/div>\n\t\t<\/section>\n\t\t\t\t\t\t<\/div>\n\t\t\t\t\t<\/div>\n\t\t<\/div>\n\t\t\t\t\t\t\t\t<\/div>\n\t\t\t\t\t<\/div>\n\t\t<\/section>\n\t\t\t\t\t\t<\/div>\n\t\t\t\t\t\t<\/div>\n\t\t\t\t\t<\/div>\n\t\t","protected":false},"excerpt":{"rendered":"<p>Immobilier et Construction\u200b Nous b\u00e9n\u00e9ficions d&#8217;une v\u00e9ritable expertise en\u00a0droit immobilier. Nous vous accompagnons\u00a0en vous conseillant sur les modalit\u00e9s de l&#8217;op\u00e9rations que vous souhaiter r\u00e9aliser. En effet, le recours \u00e0 un avocat permet de s\u00e9curiser les transactions immobili\u00e8res, de les optimiser et surtout de pr\u00e9venir les potentiels litiges r\u00e9sultant de ces op\u00e9rations. \u00a0 Nous assurons\u00a0\u00e9galement votre [&hellip;]<\/p>\n","protected":false},"author":1,"featured_media":0,"parent":0,"menu_order":0,"comment_status":"closed","ping_status":"closed","template":"","meta":{"ngg_post_thumbnail":0},"yoast_head":"<!-- This site is optimized with the Yoast SEO plugin v15.1.1 - https:\/\/yoast.com\/wordpress\/plugins\/seo\/ -->\n<title>Immobilier et Construction - Maxime GHIGLINO<\/title>\n<meta name=\"robots\" content=\"index, follow, max-snippet:-1, max-image-preview:large, max-video-preview:-1\" \/>\n<link rel=\"canonical\" href=\"https:\/\/ghiglino-avocat.fr\/index.php\/immobilier-et-construction\/\" \/>\n<meta property=\"og:locale\" content=\"en_US\" \/>\n<meta property=\"og:type\" content=\"article\" \/>\n<meta property=\"og:title\" content=\"Immobilier et Construction - Maxime GHIGLINO\" \/>\n<meta property=\"og:description\" content=\"Immobilier et Construction\u200b Nous b\u00e9n\u00e9ficions d&#8217;une v\u00e9ritable expertise en\u00a0droit immobilier. Nous vous accompagnons\u00a0en vous conseillant sur les modalit\u00e9s de l&#8217;op\u00e9rations que vous souhaiter r\u00e9aliser. En effet, le recours \u00e0 un avocat permet de s\u00e9curiser les transactions immobili\u00e8res, de les optimiser et surtout de pr\u00e9venir les potentiels litiges r\u00e9sultant de ces op\u00e9rations. \u00a0 Nous assurons\u00a0\u00e9galement votre [&hellip;]\" \/>\n<meta property=\"og:url\" content=\"https:\/\/ghiglino-avocat.fr\/index.php\/immobilier-et-construction\/\" \/>\n<meta property=\"og:site_name\" content=\"Maxime GHIGLINO\" \/>\n<meta property=\"article:modified_time\" content=\"2020-11-18T21:35:38+00:00\" \/>\n<meta property=\"og:image\" content=\"http:\/\/ghiglino-avocat.fr\/wp-content\/uploads\/2020\/03\/ville-300x200.jpg\" \/>\n<meta name=\"twitter:card\" content=\"summary_large_image\" \/>\n<script type=\"application\/ld+json\" class=\"yoast-schema-graph\">{\"@context\":\"https:\/\/schema.org\",\"@graph\":[{\"@type\":\"Organization\",\"@id\":\"https:\/\/ghiglino-avocat.fr\/#organization\",\"name\":\"Maxime GHIGLINO Avocat\",\"url\":\"https:\/\/ghiglino-avocat.fr\/\",\"sameAs\":[],\"logo\":{\"@type\":\"ImageObject\",\"@id\":\"https:\/\/ghiglino-avocat.fr\/#logo\",\"inLanguage\":\"en-US\",\"url\":\"https:\/\/ghiglino-avocat.fr\/wp-content\/uploads\/2019\/12\/Logo-MG.jpg\",\"width\":98,\"height\":77,\"caption\":\"Maxime GHIGLINO Avocat\"},\"image\":{\"@id\":\"https:\/\/ghiglino-avocat.fr\/#logo\"}},{\"@type\":\"WebSite\",\"@id\":\"https:\/\/ghiglino-avocat.fr\/#website\",\"url\":\"https:\/\/ghiglino-avocat.fr\/\",\"name\":\"Maxime GHIGLINO - Avocat\",\"description\":\"Avocat au barreau de Lyon\",\"publisher\":{\"@id\":\"https:\/\/ghiglino-avocat.fr\/#organization\"},\"potentialAction\":[{\"@type\":\"SearchAction\",\"target\":\"https:\/\/ghiglino-avocat.fr\/?s={search_term_string}\",\"query-input\":\"required name=search_term_string\"}],\"inLanguage\":\"en-US\"},{\"@type\":\"ImageObject\",\"@id\":\"https:\/\/ghiglino-avocat.fr\/index.php\/immobilier-et-construction\/#primaryimage\",\"inLanguage\":\"en-US\",\"url\":\"http:\/\/ghiglino-avocat.fr\/wp-content\/uploads\/2020\/03\/ville-300x200.jpg\"},{\"@type\":\"WebPage\",\"@id\":\"https:\/\/ghiglino-avocat.fr\/index.php\/immobilier-et-construction\/#webpage\",\"url\":\"https:\/\/ghiglino-avocat.fr\/index.php\/immobilier-et-construction\/\",\"name\":\"Immobilier et Construction - Maxime GHIGLINO\",\"isPartOf\":{\"@id\":\"https:\/\/ghiglino-avocat.fr\/#website\"},\"primaryImageOfPage\":{\"@id\":\"https:\/\/ghiglino-avocat.fr\/index.php\/immobilier-et-construction\/#primaryimage\"},\"datePublished\":\"2020-03-18T09:52:29+00:00\",\"dateModified\":\"2020-11-18T21:35:38+00:00\",\"inLanguage\":\"en-US\",\"potentialAction\":[{\"@type\":\"ReadAction\",\"target\":[\"https:\/\/ghiglino-avocat.fr\/index.php\/immobilier-et-construction\/\"]}]}]}<\/script>\n<!-- \/ Yoast SEO plugin. -->","_links":{"self":[{"href":"https:\/\/ghiglino-avocat.fr\/index.php\/wp-json\/wp\/v2\/pages\/282"}],"collection":[{"href":"https:\/\/ghiglino-avocat.fr\/index.php\/wp-json\/wp\/v2\/pages"}],"about":[{"href":"https:\/\/ghiglino-avocat.fr\/index.php\/wp-json\/wp\/v2\/types\/page"}],"author":[{"embeddable":true,"href":"https:\/\/ghiglino-avocat.fr\/index.php\/wp-json\/wp\/v2\/users\/1"}],"replies":[{"embeddable":true,"href":"https:\/\/ghiglino-avocat.fr\/index.php\/wp-json\/wp\/v2\/comments?post=282"}],"version-history":[{"count":15,"href":"https:\/\/ghiglino-avocat.fr\/index.php\/wp-json\/wp\/v2\/pages\/282\/revisions"}],"predecessor-version":[{"id":660,"href":"https:\/\/ghiglino-avocat.fr\/index.php\/wp-json\/wp\/v2\/pages\/282\/revisions\/660"}],"wp:attachment":[{"href":"https:\/\/ghiglino-avocat.fr\/index.php\/wp-json\/wp\/v2\/media?parent=282"}],"curies":[{"name":"wp","href":"https:\/\/api.w.org\/{rel}","templated":true}]}}