{"id":440,"date":"2020-04-16T16:45:16","date_gmt":"2020-04-16T14:45:16","guid":{"rendered":"http:\/\/ghiglino-avocat.fr\/?page_id=440"},"modified":"2020-04-16T16:58:53","modified_gmt":"2020-04-16T14:58:53","slug":"contentieux-commercial","status":"publish","type":"page","link":"https:\/\/ghiglino-avocat.fr\/index.php\/contentieux-commercial\/","title":{"rendered":"Contentieux commercial"},"content":{"rendered":"\t\t<div data-elementor-type=\"wp-page\" data-elementor-id=\"440\" class=\"elementor elementor-440\" data-elementor-settings=\"[]\">\n\t\t\t\t\t\t<div class=\"elementor-inner\">\n\t\t\t\t\t\t\t<div class=\"elementor-section-wrap\">\n\t\t\t\t\t\t\t<section class=\"elementor-section elementor-top-section elementor-element elementor-element-24b8aa1 elementor-section-boxed elementor-section-height-default elementor-section-height-default\" data-id=\"24b8aa1\" data-element_type=\"section\">\n\t\t\t\t\t\t<div class=\"elementor-container elementor-column-gap-default\">\n\t\t\t\t\t\t\t<div class=\"elementor-row\">\n\t\t\t\t\t<div class=\"elementor-column elementor-col-50 elementor-top-column elementor-element elementor-element-b2cd381\" data-id=\"b2cd381\" data-element_type=\"column\">\n\t\t\t<div class=\"elementor-column-wrap elementor-element-populated\">\n\t\t\t\t\t\t\t<div class=\"elementor-widget-wrap\">\n\t\t\t\t\t\t<div class=\"elementor-element elementor-element-2cd90f5 elementor-widget elementor-widget-heading\" data-id=\"2cd90f5\" data-element_type=\"widget\" data-widget_type=\"heading.default\">\n\t\t\t\t<div class=\"elementor-widget-container\">\n\t\t\t<h1 class=\"elementor-heading-title elementor-size-default\"><br>Contentieux des affaires<\/h1>\t\t<\/div>\n\t\t\t\t<\/div>\n\t\t\t\t\t\t<\/div>\n\t\t\t\t\t<\/div>\n\t\t<\/div>\n\t\t\t\t<div class=\"elementor-column elementor-col-50 elementor-top-column elementor-element elementor-element-85c0c26\" data-id=\"85c0c26\" data-element_type=\"column\">\n\t\t\t<div class=\"elementor-column-wrap elementor-element-populated\">\n\t\t\t\t\t\t\t<div class=\"elementor-widget-wrap\">\n\t\t\t\t\t\t<div class=\"elementor-element elementor-element-7f645a2 elementor-widget elementor-widget-image\" data-id=\"7f645a2\" data-element_type=\"widget\" data-widget_type=\"image.default\">\n\t\t\t\t<div class=\"elementor-widget-container\">\n\t\t\t\t\t<div class=\"elementor-image\">\n\t\t\t\t\t\t\t\t\t\t<img width=\"150\" height=\"150\" src=\"https:\/\/ghiglino-avocat.fr\/wp-content\/uploads\/2020\/03\/balances-representant-justice_318-10076-150x150.jpg\" class=\"attachment-thumbnail size-thumbnail\" alt=\"\" loading=\"lazy\" srcset=\"https:\/\/ghiglino-avocat.fr\/wp-content\/uploads\/2020\/03\/balances-representant-justice_318-10076-150x150.jpg 150w, https:\/\/ghiglino-avocat.fr\/wp-content\/uploads\/2020\/03\/balances-representant-justice_318-10076-300x300.jpg 300w, https:\/\/ghiglino-avocat.fr\/wp-content\/uploads\/2020\/03\/balances-representant-justice_318-10076.jpg 626w\" sizes=\"(max-width: 150px) 100vw, 150px\" \/>\t\t\t\t\t\t\t\t\t\t\t<\/div>\n\t\t\t\t<\/div>\n\t\t\t\t<\/div>\n\t\t\t\t\t\t<\/div>\n\t\t\t\t\t<\/div>\n\t\t<\/div>\n\t\t\t\t\t\t\t\t<\/div>\n\t\t\t\t\t<\/div>\n\t\t<\/section>\n\t\t\t\t<section class=\"elementor-section elementor-top-section elementor-element elementor-element-ffe092f elementor-section-boxed elementor-section-height-default elementor-section-height-default\" data-id=\"ffe092f\" data-element_type=\"section\">\n\t\t\t\t\t\t<div class=\"elementor-container elementor-column-gap-default\">\n\t\t\t\t\t\t\t<div class=\"elementor-row\">\n\t\t\t\t\t<div class=\"elementor-column elementor-col-100 elementor-top-column elementor-element elementor-element-e7539e1\" data-id=\"e7539e1\" data-element_type=\"column\">\n\t\t\t<div class=\"elementor-column-wrap elementor-element-populated\">\n\t\t\t\t\t\t\t<div class=\"elementor-widget-wrap\">\n\t\t\t\t\t\t<div class=\"elementor-element elementor-element-d3e8b74 elementor-widget-divider--view-line elementor-widget elementor-widget-divider\" data-id=\"d3e8b74\" data-element_type=\"widget\" data-widget_type=\"divider.default\">\n\t\t\t\t<div class=\"elementor-widget-container\">\n\t\t\t\t\t<div class=\"elementor-divider\">\n\t\t\t<span class=\"elementor-divider-separator\">\n\t\t\t\t\t\t<\/span>\n\t\t<\/div>\n\t\t\t\t<\/div>\n\t\t\t\t<\/div>\n\t\t\t\t\t\t<\/div>\n\t\t\t\t\t<\/div>\n\t\t<\/div>\n\t\t\t\t\t\t\t\t<\/div>\n\t\t\t\t\t<\/div>\n\t\t<\/section>\n\t\t\t\t<section class=\"elementor-section elementor-top-section elementor-element elementor-element-6b816d1 elementor-section-boxed elementor-section-height-default elementor-section-height-default\" data-id=\"6b816d1\" data-element_type=\"section\">\n\t\t\t\t\t\t<div class=\"elementor-container elementor-column-gap-default\">\n\t\t\t\t\t\t\t<div class=\"elementor-row\">\n\t\t\t\t\t<div class=\"elementor-column elementor-col-33 elementor-top-column elementor-element elementor-element-c869b50\" data-id=\"c869b50\" data-element_type=\"column\">\n\t\t\t<div class=\"elementor-column-wrap elementor-element-populated\">\n\t\t\t\t\t\t\t<div class=\"elementor-widget-wrap\">\n\t\t\t\t\t\t<div class=\"elementor-element elementor-element-3854c53 elementor-widget elementor-widget-spacer\" data-id=\"3854c53\" data-element_type=\"widget\" data-widget_type=\"spacer.default\">\n\t\t\t\t<div class=\"elementor-widget-container\">\n\t\t\t\t\t<div class=\"elementor-spacer\">\n\t\t\t<div class=\"elementor-spacer-inner\"><\/div>\n\t\t<\/div>\n\t\t\t\t<\/div>\n\t\t\t\t<\/div>\n\t\t\t\t<div class=\"elementor-element elementor-element-1200e3b elementor-widget elementor-widget-image\" data-id=\"1200e3b\" data-element_type=\"widget\" data-widget_type=\"image.default\">\n\t\t\t\t<div class=\"elementor-widget-container\">\n\t\t\t\t\t<div class=\"elementor-image\">\n\t\t\t\t\t\t\t\t\t\t<img width=\"1024\" height=\"683\" src=\"https:\/\/ghiglino-avocat.fr\/wp-content\/uploads\/2020\/02\/man-talking-about-architecture-ideas-1080x720-2-1024x683.jpg\" class=\"attachment-large size-large\" alt=\"homme bureau\" loading=\"lazy\" srcset=\"https:\/\/ghiglino-avocat.fr\/wp-content\/uploads\/2020\/02\/man-talking-about-architecture-ideas-1080x720-2-1024x683.jpg 1024w, https:\/\/ghiglino-avocat.fr\/wp-content\/uploads\/2020\/02\/man-talking-about-architecture-ideas-1080x720-2-300x200.jpg 300w, https:\/\/ghiglino-avocat.fr\/wp-content\/uploads\/2020\/02\/man-talking-about-architecture-ideas-1080x720-2-768x512.jpg 768w, https:\/\/ghiglino-avocat.fr\/wp-content\/uploads\/2020\/02\/man-talking-about-architecture-ideas-1080x720-2.jpg 1080w\" sizes=\"(max-width: 1024px) 100vw, 1024px\" \/>\t\t\t\t\t\t\t\t\t\t\t<\/div>\n\t\t\t\t<\/div>\n\t\t\t\t<\/div>\n\t\t\t\t\t\t<\/div>\n\t\t\t\t\t<\/div>\n\t\t<\/div>\n\t\t\t\t<div class=\"elementor-column elementor-col-33 elementor-top-column elementor-element elementor-element-8476413\" data-id=\"8476413\" data-element_type=\"column\">\n\t\t\t<div class=\"elementor-column-wrap elementor-element-populated\">\n\t\t\t\t\t\t\t<div class=\"elementor-widget-wrap\">\n\t\t\t\t\t\t<div class=\"elementor-element elementor-element-54d6603 elementor-widget elementor-widget-text-editor\" data-id=\"54d6603\" data-element_type=\"widget\" data-widget_type=\"text-editor.default\">\n\t\t\t\t<div class=\"elementor-widget-container\">\n\t\t\t\t\t<div class=\"elementor-text-editor elementor-clearfix\"><p>Notre valeur ajout\u00e9e, vous accompagner avec efficacit\u00e9 et pragmatisme dans la r\u00e9solution de vos litiges, par la conduite de n\u00e9gociations ou par la voie judiciaire.<\/p><p>Nous d\u00e9terminons une strat\u00e9gique appropri\u00e9e et recherchons les solutions les plus efficaces \u00e0 votre litige.<\/p><p>Ayant un sens aigu du combat judiciaire, nous vous repr\u00e9senterons devant l\u2019ensemble des juridictions nationales.<\/p><p>\u00a0Notre intervention concerne notamment :<\/p><ul><li>Responsabilit\u00e9 contractuelle<\/li><li>\u00a0Rupture des relations commerciales\u00a0<\/li><li>Concurrence d\u00e9loyale<\/li><li>\u00a0Contentieux de l&#8217;indemnit\u00e9 des agents commerciaux<\/li><li>\u00a0Contentieux entre actionnaires<\/li><li>\u00a0Contentieux post-acquisitions<\/li><li>\u00a0Contentieux des proc\u00e9dures collectives<\/li><li>\u00a0Contentieux en mati\u00e8re de march\u00e9s priv\u00e9s<\/li><li>Arbitrage et M\u00e9diation<\/li><li>\u00a0Ex\u00e9cution forc\u00e9e<\/li><\/ul><\/div>\n\t\t\t\t<\/div>\n\t\t\t\t<\/div>\n\t\t\t\t\t\t<\/div>\n\t\t\t\t\t<\/div>\n\t\t<\/div>\n\t\t\t\t<div class=\"elementor-column elementor-col-33 elementor-top-column elementor-element elementor-element-30e9985\" data-id=\"30e9985\" data-element_type=\"column\">\n\t\t\t<div class=\"elementor-column-wrap elementor-element-populated\">\n\t\t\t\t\t\t\t<div class=\"elementor-widget-wrap\">\n\t\t\t\t\t\t<div class=\"elementor-element elementor-element-59a643a elementor-widget elementor-widget-spacer\" data-id=\"59a643a\" data-element_type=\"widget\" data-widget_type=\"spacer.default\">\n\t\t\t\t<div class=\"elementor-widget-container\">\n\t\t\t\t\t<div class=\"elementor-spacer\">\n\t\t\t<div class=\"elementor-spacer-inner\"><\/div>\n\t\t<\/div>\n\t\t\t\t<\/div>\n\t\t\t\t<\/div>\n\t\t\t\t<div class=\"elementor-element elementor-element-86c6ae1 elementor-widget elementor-widget-image\" data-id=\"86c6ae1\" data-element_type=\"widget\" data-widget_type=\"image.default\">\n\t\t\t\t<div class=\"elementor-widget-container\">\n\t\t\t\t\t<div class=\"elementor-image\">\n\t\t\t\t\t\t\t\t\t\t<img width=\"496\" height=\"284\" src=\"https:\/\/ghiglino-avocat.fr\/wp-content\/uploads\/2020\/02\/lawyer-free-stock-photos-justice.jpg\" class=\"attachment-large size-large\" alt=\"\" loading=\"lazy\" srcset=\"https:\/\/ghiglino-avocat.fr\/wp-content\/uploads\/2020\/02\/lawyer-free-stock-photos-justice.jpg 496w, https:\/\/ghiglino-avocat.fr\/wp-content\/uploads\/2020\/02\/lawyer-free-stock-photos-justice-300x172.jpg 300w\" sizes=\"(max-width: 496px) 100vw, 496px\" \/>\t\t\t\t\t\t\t\t\t\t\t<\/div>\n\t\t\t\t<\/div>\n\t\t\t\t<\/div>\n\t\t\t\t\t\t<\/div>\n\t\t\t\t\t<\/div>\n\t\t<\/div>\n\t\t\t\t\t\t\t\t<\/div>\n\t\t\t\t\t<\/div>\n\t\t<\/section>\n\t\t\t\t\t\t<\/div>\n\t\t\t\t\t\t<\/div>\n\t\t\t\t\t<\/div>\n\t\t","protected":false},"excerpt":{"rendered":"<p>Contentieux des affaires Notre valeur ajout\u00e9e, vous accompagner avec efficacit\u00e9 et pragmatisme dans la r\u00e9solution de vos litiges, par la conduite de n\u00e9gociations ou par la voie judiciaire. Nous d\u00e9terminons une strat\u00e9gique appropri\u00e9e et recherchons les solutions les plus efficaces \u00e0 votre litige. Ayant un sens aigu du combat judiciaire, nous vous repr\u00e9senterons devant l\u2019ensemble [&hellip;]<\/p>\n","protected":false},"author":1,"featured_media":0,"parent":0,"menu_order":0,"comment_status":"closed","ping_status":"closed","template":"","meta":{"ngg_post_thumbnail":0},"yoast_head":"<!-- This site is optimized with the Yoast SEO plugin v15.1.1 - https:\/\/yoast.com\/wordpress\/plugins\/seo\/ -->\n<title>Contentieux commercial - Maxime GHIGLINO<\/title>\n<meta name=\"robots\" content=\"index, follow, max-snippet:-1, max-image-preview:large, max-video-preview:-1\" \/>\n<link rel=\"canonical\" href=\"https:\/\/ghiglino-avocat.fr\/index.php\/contentieux-commercial\/\" \/>\n<meta property=\"og:locale\" content=\"en_US\" \/>\n<meta property=\"og:type\" content=\"article\" \/>\n<meta property=\"og:title\" content=\"Contentieux commercial - Maxime GHIGLINO\" \/>\n<meta property=\"og:description\" content=\"Contentieux des affaires Notre valeur ajout\u00e9e, vous accompagner avec efficacit\u00e9 et pragmatisme dans la r\u00e9solution de vos litiges, par la conduite de n\u00e9gociations ou par la voie judiciaire. Nous d\u00e9terminons une strat\u00e9gique appropri\u00e9e et recherchons les solutions les plus efficaces \u00e0 votre litige. Ayant un sens aigu du combat judiciaire, nous vous repr\u00e9senterons devant l\u2019ensemble [&hellip;]\" \/>\n<meta property=\"og:url\" content=\"https:\/\/ghiglino-avocat.fr\/index.php\/contentieux-commercial\/\" \/>\n<meta property=\"og:site_name\" content=\"Maxime GHIGLINO\" \/>\n<meta property=\"article:modified_time\" content=\"2020-04-16T14:58:53+00:00\" \/>\n<meta property=\"og:image\" content=\"http:\/\/ghiglino-avocat.fr\/wp-content\/uploads\/2020\/03\/balances-representant-justice_318-10076-150x150.jpg\" \/>\n<meta name=\"twitter:card\" content=\"summary_large_image\" \/>\n<script type=\"application\/ld+json\" class=\"yoast-schema-graph\">{\"@context\":\"https:\/\/schema.org\",\"@graph\":[{\"@type\":\"Organization\",\"@id\":\"https:\/\/ghiglino-avocat.fr\/#organization\",\"name\":\"Maxime GHIGLINO Avocat\",\"url\":\"https:\/\/ghiglino-avocat.fr\/\",\"sameAs\":[],\"logo\":{\"@type\":\"ImageObject\",\"@id\":\"https:\/\/ghiglino-avocat.fr\/#logo\",\"inLanguage\":\"en-US\",\"url\":\"https:\/\/ghiglino-avocat.fr\/wp-content\/uploads\/2019\/12\/Logo-MG.jpg\",\"width\":98,\"height\":77,\"caption\":\"Maxime GHIGLINO Avocat\"},\"image\":{\"@id\":\"https:\/\/ghiglino-avocat.fr\/#logo\"}},{\"@type\":\"WebSite\",\"@id\":\"https:\/\/ghiglino-avocat.fr\/#website\",\"url\":\"https:\/\/ghiglino-avocat.fr\/\",\"name\":\"Maxime GHIGLINO - Avocat\",\"description\":\"Avocat au barreau de Lyon\",\"publisher\":{\"@id\":\"https:\/\/ghiglino-avocat.fr\/#organization\"},\"potentialAction\":[{\"@type\":\"SearchAction\",\"target\":\"https:\/\/ghiglino-avocat.fr\/?s={search_term_string}\",\"query-input\":\"required name=search_term_string\"}],\"inLanguage\":\"en-US\"},{\"@type\":\"ImageObject\",\"@id\":\"https:\/\/ghiglino-avocat.fr\/index.php\/contentieux-commercial\/#primaryimage\",\"inLanguage\":\"en-US\",\"url\":\"http:\/\/ghiglino-avocat.fr\/wp-content\/uploads\/2020\/03\/balances-representant-justice_318-10076-150x150.jpg\"},{\"@type\":\"WebPage\",\"@id\":\"https:\/\/ghiglino-avocat.fr\/index.php\/contentieux-commercial\/#webpage\",\"url\":\"https:\/\/ghiglino-avocat.fr\/index.php\/contentieux-commercial\/\",\"name\":\"Contentieux commercial - Maxime GHIGLINO\",\"isPartOf\":{\"@id\":\"https:\/\/ghiglino-avocat.fr\/#website\"},\"primaryImageOfPage\":{\"@id\":\"https:\/\/ghiglino-avocat.fr\/index.php\/contentieux-commercial\/#primaryimage\"},\"datePublished\":\"2020-04-16T14:45:16+00:00\",\"dateModified\":\"2020-04-16T14:58:53+00:00\",\"inLanguage\":\"en-US\",\"potentialAction\":[{\"@type\":\"ReadAction\",\"target\":[\"https:\/\/ghiglino-avocat.fr\/index.php\/contentieux-commercial\/\"]}]}]}<\/script>\n<!-- \/ Yoast SEO plugin. -->","_links":{"self":[{"href":"https:\/\/ghiglino-avocat.fr\/index.php\/wp-json\/wp\/v2\/pages\/440"}],"collection":[{"href":"https:\/\/ghiglino-avocat.fr\/index.php\/wp-json\/wp\/v2\/pages"}],"about":[{"href":"https:\/\/ghiglino-avocat.fr\/index.php\/wp-json\/wp\/v2\/types\/page"}],"author":[{"embeddable":true,"href":"https:\/\/ghiglino-avocat.fr\/index.php\/wp-json\/wp\/v2\/users\/1"}],"replies":[{"embeddable":true,"href":"https:\/\/ghiglino-avocat.fr\/index.php\/wp-json\/wp\/v2\/comments?post=440"}],"version-history":[{"count":4,"href":"https:\/\/ghiglino-avocat.fr\/index.php\/wp-json\/wp\/v2\/pages\/440\/revisions"}],"predecessor-version":[{"id":567,"href":"https:\/\/ghiglino-avocat.fr\/index.php\/wp-json\/wp\/v2\/pages\/440\/revisions\/567"}],"wp:attachment":[{"href":"https:\/\/ghiglino-avocat.fr\/index.php\/wp-json\/wp\/v2\/media?parent=440"}],"curies":[{"name":"wp","href":"https:\/\/api.w.org\/{rel}","templated":true}]}}