{"id":644,"date":"2020-11-09T22:25:41","date_gmt":"2020-11-09T21:25:41","guid":{"rendered":"http:\/\/ghiglino-avocat.fr\/?page_id=644"},"modified":"2020-11-18T22:39:40","modified_gmt":"2020-11-18T21:39:40","slug":"elementor-644","status":"publish","type":"page","link":"https:\/\/ghiglino-avocat.fr\/index.php\/elementor-644\/","title":{"rendered":"Ma\u00eetre Maxime GHIGLINO"},"content":{"rendered":"\t\t<div data-elementor-type=\"wp-page\" data-elementor-id=\"644\" class=\"elementor elementor-644\" data-elementor-settings=\"[]\">\n\t\t\t\t\t\t<div class=\"elementor-inner\">\n\t\t\t\t\t\t\t<div class=\"elementor-section-wrap\">\n\t\t\t\t\t\t\t<section class=\"elementor-section elementor-top-section elementor-element elementor-element-d4d60c2 elementor-section-boxed elementor-section-height-default elementor-section-height-default\" data-id=\"d4d60c2\" data-element_type=\"section\">\n\t\t\t\t\t\t<div class=\"elementor-container elementor-column-gap-default\">\n\t\t\t\t\t\t\t<div class=\"elementor-row\">\n\t\t\t\t\t<div class=\"elementor-column elementor-col-100 elementor-top-column elementor-element elementor-element-0c2cf28\" data-id=\"0c2cf28\" data-element_type=\"column\">\n\t\t\t<div class=\"elementor-column-wrap elementor-element-populated\">\n\t\t\t\t\t\t\t<div class=\"elementor-widget-wrap\">\n\t\t\t\t\t\t<div class=\"elementor-element elementor-element-4476442 elementor-widget elementor-widget-heading\" data-id=\"4476442\" data-element_type=\"widget\" data-widget_type=\"heading.default\">\n\t\t\t\t<div class=\"elementor-widget-container\">\n\t\t\t<h1 class=\"elementor-heading-title elementor-size-default\">Ma\u00eetre Maxime GHIGLINO<\/h1>\t\t<\/div>\n\t\t\t\t<\/div>\n\t\t\t\t<section class=\"elementor-section elementor-inner-section elementor-element elementor-element-00dae0f elementor-section-boxed elementor-section-height-default elementor-section-height-default\" data-id=\"00dae0f\" data-element_type=\"section\">\n\t\t\t\t\t\t<div class=\"elementor-container elementor-column-gap-default\">\n\t\t\t\t\t\t\t<div class=\"elementor-row\">\n\t\t\t\t\t<div class=\"elementor-column elementor-col-50 elementor-inner-column elementor-element elementor-element-dcb5818\" data-id=\"dcb5818\" data-element_type=\"column\">\n\t\t\t<div class=\"elementor-column-wrap elementor-element-populated\">\n\t\t\t\t\t\t\t<div class=\"elementor-widget-wrap\">\n\t\t\t\t\t\t<div class=\"elementor-element elementor-element-dffaad2 elementor-widget elementor-widget-image\" data-id=\"dffaad2\" data-element_type=\"widget\" data-widget_type=\"image.default\">\n\t\t\t\t<div class=\"elementor-widget-container\">\n\t\t\t\t\t<div class=\"elementor-image\">\n\t\t\t\t\t\t\t\t\t\t<img width=\"400\" height=\"400\" src=\"https:\/\/ghiglino-avocat.fr\/wp-content\/uploads\/2020\/11\/Photo-M.G.jpg\" class=\"attachment-large size-large\" alt=\"\" loading=\"lazy\" srcset=\"https:\/\/ghiglino-avocat.fr\/wp-content\/uploads\/2020\/11\/Photo-M.G.jpg 400w, https:\/\/ghiglino-avocat.fr\/wp-content\/uploads\/2020\/11\/Photo-M.G-300x300.jpg 300w, https:\/\/ghiglino-avocat.fr\/wp-content\/uploads\/2020\/11\/Photo-M.G-150x150.jpg 150w\" sizes=\"(max-width: 400px) 100vw, 400px\" \/>\t\t\t\t\t\t\t\t\t\t\t<\/div>\n\t\t\t\t<\/div>\n\t\t\t\t<\/div>\n\t\t\t\t<div class=\"elementor-element elementor-element-48b9a11 elementor-widget elementor-widget-spacer\" data-id=\"48b9a11\" data-element_type=\"widget\" data-widget_type=\"spacer.default\">\n\t\t\t\t<div class=\"elementor-widget-container\">\n\t\t\t\t\t<div class=\"elementor-spacer\">\n\t\t\t<div class=\"elementor-spacer-inner\"><\/div>\n\t\t<\/div>\n\t\t\t\t<\/div>\n\t\t\t\t<\/div>\n\t\t\t\t<div class=\"elementor-element elementor-element-b874579 elementor-widget elementor-widget-image\" data-id=\"b874579\" data-element_type=\"widget\" data-widget_type=\"image.default\">\n\t\t\t\t<div class=\"elementor-widget-container\">\n\t\t\t\t\t<div class=\"elementor-image\">\n\t\t\t\t\t\t\t\t\t\t<img width=\"1024\" height=\"768\" src=\"https:\/\/ghiglino-avocat.fr\/wp-content\/uploads\/2020\/11\/soutenance-1-1024x768.jpg\" class=\"attachment-large size-large\" alt=\"\" loading=\"lazy\" srcset=\"https:\/\/ghiglino-avocat.fr\/wp-content\/uploads\/2020\/11\/soutenance-1-1024x768.jpg 1024w, https:\/\/ghiglino-avocat.fr\/wp-content\/uploads\/2020\/11\/soutenance-1-300x225.jpg 300w, https:\/\/ghiglino-avocat.fr\/wp-content\/uploads\/2020\/11\/soutenance-1-768x576.jpg 768w, https:\/\/ghiglino-avocat.fr\/wp-content\/uploads\/2020\/11\/soutenance-1-1536x1152.jpg 1536w, https:\/\/ghiglino-avocat.fr\/wp-content\/uploads\/2020\/11\/soutenance-1.jpg 2048w\" sizes=\"(max-width: 1024px) 100vw, 1024px\" \/>\t\t\t\t\t\t\t\t\t\t\t<\/div>\n\t\t\t\t<\/div>\n\t\t\t\t<\/div>\n\t\t\t\t<div class=\"elementor-element elementor-element-f7f170e elementor-widget elementor-widget-spacer\" data-id=\"f7f170e\" data-element_type=\"widget\" data-widget_type=\"spacer.default\">\n\t\t\t\t<div class=\"elementor-widget-container\">\n\t\t\t\t\t<div class=\"elementor-spacer\">\n\t\t\t<div class=\"elementor-spacer-inner\"><\/div>\n\t\t<\/div>\n\t\t\t\t<\/div>\n\t\t\t\t<\/div>\n\t\t\t\t<div class=\"elementor-element elementor-element-bd3b85c elementor-widget elementor-widget-image\" data-id=\"bd3b85c\" data-element_type=\"widget\" data-widget_type=\"image.default\">\n\t\t\t\t<div class=\"elementor-widget-container\">\n\t\t\t\t\t<div class=\"elementor-image\">\n\t\t\t\t\t\t\t\t\t\t<img width=\"1024\" height=\"613\" src=\"https:\/\/ghiglino-avocat.fr\/wp-content\/uploads\/2020\/11\/prix-de-these-1024x613.jpg\" class=\"attachment-large size-large\" alt=\"\" loading=\"lazy\" srcset=\"https:\/\/ghiglino-avocat.fr\/wp-content\/uploads\/2020\/11\/prix-de-these-1024x613.jpg 1024w, https:\/\/ghiglino-avocat.fr\/wp-content\/uploads\/2020\/11\/prix-de-these-300x179.jpg 300w, https:\/\/ghiglino-avocat.fr\/wp-content\/uploads\/2020\/11\/prix-de-these-768x459.jpg 768w, https:\/\/ghiglino-avocat.fr\/wp-content\/uploads\/2020\/11\/prix-de-these-1536x919.jpg 1536w, https:\/\/ghiglino-avocat.fr\/wp-content\/uploads\/2020\/11\/prix-de-these.jpg 1864w\" sizes=\"(max-width: 1024px) 100vw, 1024px\" \/>\t\t\t\t\t\t\t\t\t\t\t<\/div>\n\t\t\t\t<\/div>\n\t\t\t\t<\/div>\n\t\t\t\t\t\t<\/div>\n\t\t\t\t\t<\/div>\n\t\t<\/div>\n\t\t\t\t<div class=\"elementor-column elementor-col-50 elementor-inner-column elementor-element elementor-element-67565e6\" data-id=\"67565e6\" data-element_type=\"column\">\n\t\t\t<div class=\"elementor-column-wrap elementor-element-populated\">\n\t\t\t\t\t\t\t<div class=\"elementor-widget-wrap\">\n\t\t\t\t\t\t<div class=\"elementor-element elementor-element-47810e9 elementor-widget elementor-widget-text-editor\" data-id=\"47810e9\" data-element_type=\"widget\" data-widget_type=\"text-editor.default\">\n\t\t\t\t<div class=\"elementor-widget-container\">\n\t\t\t\t\t<div class=\"elementor-text-editor elementor-clearfix\"><p style=\"font-size: 14.000000953674316px; text-align: justify; color: black;\"><span style=\"font-size: medium;\">Avocat au barreau de LYON et Docteur en droit priv\u00e9, Ma\u00eetre Maxime GHIGLINO met au service&nbsp;<a href=\"http:\/\/ghiglino-avocat.fr\/index.php\/domaine-de-competence\/\">des particuliers<\/a>&nbsp;et&nbsp;<a href=\"http:\/\/ghiglino-avocat.fr\/index.php\/professionnels\/\">des professionnels<\/a>&nbsp;ses&nbsp;comp\u00e9tences juridiques.<br><\/span><\/p>\n<p style=\"text-align: justify;\"><span style=\"color: #000000; font-size: medium;\">S&#8217;il intervient&nbsp;dans tous les domaines du droit, Ma\u00eetre GHIGLINO nourrit toutefois un int\u00e9r\u00eat tout particuliers pour le&nbsp;<\/span><a style=\"color: #000000; font-size: medium;\" href=\"http:\/\/ghiglino-avocat.fr\/index.php\/immobilier-et-construction\/\">droit immobilier<\/a><span style=\"color: #000000; font-size: medium;\">. Qu\u2019il s\u2019agisse de droit immobilier pur, de droit de la copropri\u00e9t\u00e9, de droit de la construction, de droit de la promotion ou encore de probl\u00e9matiques mixtes droit priv\u00e9 \/ droit public, il saura vous&nbsp;conseille ou d\u00e9fendre vos&nbsp;int\u00e9r\u00eats en cas de contentieux.&nbsp;<\/span><\/p>\n<p style=\"text-align: justify;\"><span style=\"color: #000000; font-size: medium;\">En effet, fort de ses exp\u00e9riences notamment en cabinet&nbsp;<span style=\"caret-color: #000000;\">sp\u00e9cialis\u00e9 en droit immobilier, <\/span><\/span><span style=\"caret-color: #000000; color: #000000; font-size: medium; font-family: var( --e-global-typography-text-font-family ), Sans-serif;\">Ma\u00eetre Ghiglino dispose de toutes les clefs pour vous permettre d&#8217;atteindre vos objectifs.<\/span><\/p>\n<p style=\"text-align: justify;\"><span style=\"color: #000000; font-size: medium;\">Ma\u00eetre Ghiglino est \u00e9galement&nbsp;<\/span><a style=\"color: #000000; font-size: medium;\" href=\"http:\/\/ghiglino-avocat.fr\/index.php\/mandataire-immobilier\/\">mandataire en transactions immobili\u00e8res<\/a><span style=\"color: #000000; font-size: medium;\">. A ce titre, il peut vous faire b\u00e9n\u00e9ficier de son expertise tout au long de votre&nbsp;projet de vente ou d\u2019achat d\u2019un bien immobilier. Il assiste r\u00e9guli\u00e8rement particuliers et professionnels&nbsp;<span style=\"caret-color: #000000;\">dans<\/span>&nbsp;la&nbsp;n\u00e9gociation et la conclusion de leurs ventes immobili\u00e8res.<\/span><\/p>\n<p style=\"text-align: justify;\"><span style=\"font-size: medium; color: #000000;\">En outre,&nbsp;<\/span><span style=\"font-size: medium; caret-color: #000000; color: #000000;\">Ma\u00eetre Ghiglino est<\/span><font color=\"#000000\" size=\"3\">&nbsp;issu d\u2019un parcours&nbsp;universitaire riche au cours duquel il a valid\u00e9 un double Master II en droit priv\u00e9 et droit p\u00e9nal et d&#8217;un Doctorat en&nbsp;<span style=\"caret-color: rgb(0, 0, 0);\">droit<\/span>&nbsp;priv\u00e9. Il est \u00e9galement&nbsp;<\/font><span style=\"color: rgb(0, 0, 0); font-size: medium; caret-color: rgb(0, 0, 0);\">titulaire<\/span><font color=\"#000000\" size=\"3\">&nbsp;de r\u00e9compenses universitaires telles que le prix de la meilleur th\u00e8se de droit&nbsp;priv\u00e9 des&nbsp;\u00e9ditions l\u00e9gislatives.<\/font><\/p>\n<p style=\"font-size: 14.000000953674316px; text-align: justify;\"><span style=\"color: #000000; font-size: medium;\">En parall\u00e8le de la gestion de son cabinet, Ma\u00eetre GHIGLINO publie encore de nombreux articles dans des&nbsp;<a href=\"http:\/\/ghiglino-avocat.fr\/index.php\/maitre-maxime-ghiglino-avocat-au-barreau-de-lyon\/actualites-et-publications\/\">revues juridiques<\/a>,&nbsp;<a href=\"http:\/\/ghiglino-avocat.fr\/index.php\/publications\/\">des ouvrages<\/a>&nbsp;et participe \u00e0 des colloques.<\/span><\/p>\n<p style=\"font-size: 14.000000953674316px; text-align: justify;\"><span style=\"color: #000000; font-size: medium;\">Cette activit\u00e9 de chercheur lui permet de rester au contact des incessantes \u00e9volutions l\u00e9gislatives. De fait, il assure a ses clients une information optimale sur les r\u00e8gles de droit applicables \u00e0&nbsp;leurs litiges.<\/span><\/p>\n<p style=\"font-size: 14.000000953674316px; text-align: justify;\"><span style=\"color: #000000; font-size: medium; font-family: var( --e-global-typography-text-font-family ), Sans-serif;\">En conclusion, bien plus qu\u2019un simple conseil, Ma\u00eetre GHIGLINO se&nbsp;propose de mettre \u00e0 votre profit son sens du d\u00e9vouement et sa combativit\u00e9.<\/span><\/p><\/div>\n\t\t\t\t<\/div>\n\t\t\t\t<\/div>\n\t\t\t\t\t\t<\/div>\n\t\t\t\t\t<\/div>\n\t\t<\/div>\n\t\t\t\t\t\t\t\t<\/div>\n\t\t\t\t\t<\/div>\n\t\t<\/section>\n\t\t\t\t<div class=\"elementor-element elementor-element-32fd71e elementor-widget elementor-widget-text-editor\" data-id=\"32fd71e\" data-element_type=\"widget\" data-widget_type=\"text-editor.default\">\n\t\t\t\t<div class=\"elementor-widget-container\">\n\t\t\t\t\t<div class=\"elementor-text-editor elementor-clearfix\"><\/div>\n\t\t\t\t<\/div>\n\t\t\t\t<\/div>\n\t\t\t\t\t\t<\/div>\n\t\t\t\t\t<\/div>\n\t\t<\/div>\n\t\t\t\t\t\t\t\t<\/div>\n\t\t\t\t\t<\/div>\n\t\t<\/section>\n\t\t\t\t\t\t<\/div>\n\t\t\t\t\t\t<\/div>\n\t\t\t\t\t<\/div>\n\t\t","protected":false},"excerpt":{"rendered":"<p>Ma\u00eetre Maxime GHIGLINO Avocat au barreau de LYON et Docteur en droit priv\u00e9, Ma\u00eetre Maxime GHIGLINO met au service&nbsp;des particuliers&nbsp;et&nbsp;des professionnels&nbsp;ses&nbsp;comp\u00e9tences juridiques. S&#8217;il intervient&nbsp;dans tous les domaines du droit, Ma\u00eetre GHIGLINO nourrit toutefois un int\u00e9r\u00eat tout particuliers pour le&nbsp;droit immobilier. Qu\u2019il s\u2019agisse de droit immobilier pur, de droit de la copropri\u00e9t\u00e9, de droit de la [&hellip;]<\/p>\n","protected":false},"author":1,"featured_media":0,"parent":0,"menu_order":0,"comment_status":"closed","ping_status":"closed","template":"","meta":{"ngg_post_thumbnail":0},"yoast_head":"<!-- This site is optimized with the Yoast SEO plugin v15.1.1 - https:\/\/yoast.com\/wordpress\/plugins\/seo\/ -->\n<title>Ma\u00eetre Maxime GHIGLINO - Maxime GHIGLINO<\/title>\n<meta name=\"robots\" content=\"index, follow, max-snippet:-1, max-image-preview:large, max-video-preview:-1\" \/>\n<link rel=\"canonical\" href=\"https:\/\/ghiglino-avocat.fr\/index.php\/elementor-644\/\" \/>\n<meta property=\"og:locale\" content=\"en_US\" \/>\n<meta property=\"og:type\" content=\"article\" \/>\n<meta property=\"og:title\" content=\"Ma\u00eetre Maxime GHIGLINO - Maxime GHIGLINO\" \/>\n<meta property=\"og:description\" content=\"Ma\u00eetre Maxime GHIGLINO Avocat au barreau de LYON et Docteur en droit priv\u00e9, Ma\u00eetre Maxime GHIGLINO met au service&nbsp;des particuliers&nbsp;et&nbsp;des professionnels&nbsp;ses&nbsp;comp\u00e9tences juridiques. S&#8217;il intervient&nbsp;dans tous les domaines du droit, Ma\u00eetre GHIGLINO nourrit toutefois un int\u00e9r\u00eat tout particuliers pour le&nbsp;droit immobilier. Qu\u2019il s\u2019agisse de droit immobilier pur, de droit de la copropri\u00e9t\u00e9, de droit de la [&hellip;]\" \/>\n<meta property=\"og:url\" content=\"https:\/\/ghiglino-avocat.fr\/index.php\/elementor-644\/\" \/>\n<meta property=\"og:site_name\" content=\"Maxime GHIGLINO\" \/>\n<meta property=\"article:modified_time\" content=\"2020-11-18T21:39:40+00:00\" \/>\n<meta property=\"og:image\" content=\"http:\/\/ghiglino-avocat.fr\/wp-content\/uploads\/2020\/11\/Photo-M.G.jpg\" \/>\n<meta name=\"twitter:card\" content=\"summary_large_image\" \/>\n<script type=\"application\/ld+json\" class=\"yoast-schema-graph\">{\"@context\":\"https:\/\/schema.org\",\"@graph\":[{\"@type\":\"Organization\",\"@id\":\"https:\/\/ghiglino-avocat.fr\/#organization\",\"name\":\"Maxime GHIGLINO Avocat\",\"url\":\"https:\/\/ghiglino-avocat.fr\/\",\"sameAs\":[],\"logo\":{\"@type\":\"ImageObject\",\"@id\":\"https:\/\/ghiglino-avocat.fr\/#logo\",\"inLanguage\":\"en-US\",\"url\":\"https:\/\/ghiglino-avocat.fr\/wp-content\/uploads\/2019\/12\/Logo-MG.jpg\",\"width\":98,\"height\":77,\"caption\":\"Maxime GHIGLINO Avocat\"},\"image\":{\"@id\":\"https:\/\/ghiglino-avocat.fr\/#logo\"}},{\"@type\":\"WebSite\",\"@id\":\"https:\/\/ghiglino-avocat.fr\/#website\",\"url\":\"https:\/\/ghiglino-avocat.fr\/\",\"name\":\"Maxime GHIGLINO - Avocat\",\"description\":\"Avocat au barreau de Lyon\",\"publisher\":{\"@id\":\"https:\/\/ghiglino-avocat.fr\/#organization\"},\"potentialAction\":[{\"@type\":\"SearchAction\",\"target\":\"https:\/\/ghiglino-avocat.fr\/?s={search_term_string}\",\"query-input\":\"required name=search_term_string\"}],\"inLanguage\":\"en-US\"},{\"@type\":\"ImageObject\",\"@id\":\"https:\/\/ghiglino-avocat.fr\/index.php\/elementor-644\/#primaryimage\",\"inLanguage\":\"en-US\",\"url\":\"http:\/\/ghiglino-avocat.fr\/wp-content\/uploads\/2020\/11\/Photo-M.G.jpg\"},{\"@type\":\"WebPage\",\"@id\":\"https:\/\/ghiglino-avocat.fr\/index.php\/elementor-644\/#webpage\",\"url\":\"https:\/\/ghiglino-avocat.fr\/index.php\/elementor-644\/\",\"name\":\"Ma\\u00eetre Maxime GHIGLINO - Maxime GHIGLINO\",\"isPartOf\":{\"@id\":\"https:\/\/ghiglino-avocat.fr\/#website\"},\"primaryImageOfPage\":{\"@id\":\"https:\/\/ghiglino-avocat.fr\/index.php\/elementor-644\/#primaryimage\"},\"datePublished\":\"2020-11-09T21:25:41+00:00\",\"dateModified\":\"2020-11-18T21:39:40+00:00\",\"inLanguage\":\"en-US\",\"potentialAction\":[{\"@type\":\"ReadAction\",\"target\":[\"https:\/\/ghiglino-avocat.fr\/index.php\/elementor-644\/\"]}]}]}<\/script>\n<!-- \/ Yoast SEO plugin. -->","_links":{"self":[{"href":"https:\/\/ghiglino-avocat.fr\/index.php\/wp-json\/wp\/v2\/pages\/644"}],"collection":[{"href":"https:\/\/ghiglino-avocat.fr\/index.php\/wp-json\/wp\/v2\/pages"}],"about":[{"href":"https:\/\/ghiglino-avocat.fr\/index.php\/wp-json\/wp\/v2\/types\/page"}],"author":[{"embeddable":true,"href":"https:\/\/ghiglino-avocat.fr\/index.php\/wp-json\/wp\/v2\/users\/1"}],"replies":[{"embeddable":true,"href":"https:\/\/ghiglino-avocat.fr\/index.php\/wp-json\/wp\/v2\/comments?post=644"}],"version-history":[{"count":7,"href":"https:\/\/ghiglino-avocat.fr\/index.php\/wp-json\/wp\/v2\/pages\/644\/revisions"}],"predecessor-version":[{"id":662,"href":"https:\/\/ghiglino-avocat.fr\/index.php\/wp-json\/wp\/v2\/pages\/644\/revisions\/662"}],"wp:attachment":[{"href":"https:\/\/ghiglino-avocat.fr\/index.php\/wp-json\/wp\/v2\/media?parent=644"}],"curies":[{"name":"wp","href":"https:\/\/api.w.org\/{rel}","templated":true}]}}